{"id":16925,"date":"2023-08-23T08:32:44","date_gmt":"2023-08-23T08:32:44","guid":{"rendered":"https:\/\/coterena.es\/shop\/?post_type=product&#038;p=16925"},"modified":"2023-09-05T05:38:27","modified_gmt":"2023-09-05T05:38:27","slug":"groupe-de-filtres-a-huile-duplex-caterpillar-120-4501","status":"publish","type":"product","link":"https:\/\/coterena.es\/shop\/groupe-de-filtres-a-huile-duplex-caterpillar-120-4501\/","title":{"rendered":"Groupe de filtres \u00e0 huile duplex Caterpillar 120-4501"},"content":{"rendered":"<p>Groupe de filtres \u00e0 huile duplex Caterpillar 120-4501. Reconditionn\u00e9<\/p>\n<p>Groupe de filtres \u00e0 huile duplex incomplet pour moteurs CAT 3500.<\/p>\n<p>Num\u00e9ro de pi\u00e8ce : 120-4501<\/p>\n<p>Inclut les num\u00e9ros de pi\u00e8ces : 1W-2963, 7W-3816 et 137-6857<\/p>\n","protected":false},"excerpt":{"rendered":"<p>Groupe de filtres \u00e0 huile duplex Caterpillar 120-4501. Reconditionn\u00e9 Groupe de filtres \u00e0 huile duplex incomplet pour moteurs CAT 3500. Num\u00e9ro de pi\u00e8ce : 120-4501 Inclut les num\u00e9ros de pi\u00e8ces : 1W-2963, 7W-3816 et 137-6857<\/p>\n","protected":false},"featured_media":16881,"template":"","meta":[],"product_cat":[6273,6281],"product_tag":[],"modelo":[],"acf":[],"lang":"fr","translations":{"fr":16925,"en":16924,"es":16878},"pll_sync_post":[],"_links":{"self":[{"href":"https:\/\/coterena.es\/shop\/wp-json\/wp\/v2\/product\/16925"}],"collection":[{"href":"https:\/\/coterena.es\/shop\/wp-json\/wp\/v2\/product"}],"about":[{"href":"https:\/\/coterena.es\/shop\/wp-json\/wp\/v2\/types\/product"}],"wp:featuredmedia":[{"embeddable":true,"href":"https:\/\/coterena.es\/shop\/wp-json\/wp\/v2\/media\/16881"}],"wp:attachment":[{"href":"https:\/\/coterena.es\/shop\/wp-json\/wp\/v2\/media?parent=16925"}],"wp:term":[{"taxonomy":"product_cat","embeddable":true,"href":"https:\/\/coterena.es\/shop\/wp-json\/wp\/v2\/product_cat?post=16925"},{"taxonomy":"product_tag","embeddable":true,"href":"https:\/\/coterena.es\/shop\/wp-json\/wp\/v2\/product_tag?post=16925"},{"taxonomy":"modelo","embeddable":true,"href":"https:\/\/coterena.es\/shop\/wp-json\/wp\/v2\/modelo?post=16925"}],"curies":[{"name":"wp","href":"https:\/\/api.w.org\/{rel}","templated":true}]}}