{"id":16926,"date":"2023-08-23T06:33:17","date_gmt":"2023-08-23T06:33:17","guid":{"rendered":"https:\/\/coterena.es\/shop\/?post_type=product&#038;p=16926"},"modified":"2023-09-05T05:45:12","modified_gmt":"2023-09-05T05:45:12","slug":"boitier-de-refroidissement-dair-caterpillar-111-2077","status":"publish","type":"product","link":"https:\/\/coterena.es\/shop\/boitier-de-refroidissement-dair-caterpillar-111-2077\/","title":{"rendered":"Bo\u00eetier de refroidissement d&#8217;air Caterpillar 111-2077"},"content":{"rendered":"<p>Bo\u00eetier de refroidissement d&#8217;air Caterpillar 111-2077 . Reconditionn\u00e9<\/p>\n<p>Bo\u00eetier de refroidissement d&#8217;air pour moteurs Caterpillar 3512.<\/p>\n<p>Num\u00e9ro de pi\u00e8ce: 111-2077 + 283-9599<\/p>\n","protected":false},"excerpt":{"rendered":"<p>Bo\u00eetier de refroidissement d&#8217;air Caterpillar 111-2077 . Reconditionn\u00e9 Bo\u00eetier de refroidissement d&#8217;air pour moteurs Caterpillar 3512. Num\u00e9ro de pi\u00e8ce: 111-2077 + 283-9599<\/p>\n","protected":false},"featured_media":16854,"template":"","meta":[],"product_cat":[6917,6265,6281],"product_tag":[],"modelo":[],"acf":[],"lang":"fr","translations":{"fr":16926,"es":16851,"en":16927},"pll_sync_post":[],"_links":{"self":[{"href":"https:\/\/coterena.es\/shop\/wp-json\/wp\/v2\/product\/16926"}],"collection":[{"href":"https:\/\/coterena.es\/shop\/wp-json\/wp\/v2\/product"}],"about":[{"href":"https:\/\/coterena.es\/shop\/wp-json\/wp\/v2\/types\/product"}],"wp:featuredmedia":[{"embeddable":true,"href":"https:\/\/coterena.es\/shop\/wp-json\/wp\/v2\/media\/16854"}],"wp:attachment":[{"href":"https:\/\/coterena.es\/shop\/wp-json\/wp\/v2\/media?parent=16926"}],"wp:term":[{"taxonomy":"product_cat","embeddable":true,"href":"https:\/\/coterena.es\/shop\/wp-json\/wp\/v2\/product_cat?post=16926"},{"taxonomy":"product_tag","embeddable":true,"href":"https:\/\/coterena.es\/shop\/wp-json\/wp\/v2\/product_tag?post=16926"},{"taxonomy":"modelo","embeddable":true,"href":"https:\/\/coterena.es\/shop\/wp-json\/wp\/v2\/modelo?post=16926"}],"curies":[{"name":"wp","href":"https:\/\/api.w.org\/{rel}","templated":true}]}}