{"id":5687,"date":"2022-05-06T08:38:36","date_gmt":"2022-05-06T08:38:36","guid":{"rendered":"https:\/\/coterena.es\/shop\/?post_type=product&#038;p=5687"},"modified":"2023-04-12T07:43:20","modified_gmt":"2023-04-12T07:43:20","slug":"enfriador-de-aire-ramon-vizcaino-reacondicionado","status":"publish","type":"product","link":"https:\/\/coterena.es\/shop\/enfriador-de-aire-ramon-vizcaino-reacondicionado\/","title":{"rendered":"Enfriador de Aire Ram\u00f3n Vizca\u00edno"},"content":{"rendered":"<p>Enfriador de aire RAM\u00d3N VIZCA\u00cdNO . Reacondicionado.<\/p>\n<p>Compatible con Motor DEUTZ 350 de babor y de estribor .<\/p>\n<p>Superficie de enfriamiento: 92m2<\/p>\n<p>Incluye: Tolvas y juntas para Tolvas.<\/p>\n<p>Referencia. Tolvas:<\/p>\n<p>02917015<\/p>\n<p>02917018<\/p>\n","protected":false},"excerpt":{"rendered":"<p>Enfriador de aire RAM\u00d3N VIZCA\u00cdNO . Reacondicionado. Compatible con Motor DEUTZ 350 de babor y de estribor . Superficie de enfriamiento: 92m2 Incluye: Tolvas y juntas para Tolvas. Referencia. Tolvas: 02917015 02917018<\/p>\n","protected":false},"featured_media":5688,"template":"","meta":[],"product_cat":[6082,34],"product_tag":[],"modelo":[],"acf":[],"lang":"es","translations":{"es":5687,"en":8745,"fr":8750},"pll_sync_post":[],"_links":{"self":[{"href":"https:\/\/coterena.es\/shop\/wp-json\/wp\/v2\/product\/5687"}],"collection":[{"href":"https:\/\/coterena.es\/shop\/wp-json\/wp\/v2\/product"}],"about":[{"href":"https:\/\/coterena.es\/shop\/wp-json\/wp\/v2\/types\/product"}],"wp:featuredmedia":[{"embeddable":true,"href":"https:\/\/coterena.es\/shop\/wp-json\/wp\/v2\/media\/5688"}],"wp:attachment":[{"href":"https:\/\/coterena.es\/shop\/wp-json\/wp\/v2\/media?parent=5687"}],"wp:term":[{"taxonomy":"product_cat","embeddable":true,"href":"https:\/\/coterena.es\/shop\/wp-json\/wp\/v2\/product_cat?post=5687"},{"taxonomy":"product_tag","embeddable":true,"href":"https:\/\/coterena.es\/shop\/wp-json\/wp\/v2\/product_tag?post=5687"},{"taxonomy":"modelo","embeddable":true,"href":"https:\/\/coterena.es\/shop\/wp-json\/wp\/v2\/modelo?post=5687"}],"curies":[{"name":"wp","href":"https:\/\/api.w.org\/{rel}","templated":true}]}}