{"id":5734,"date":"2022-05-09T11:36:56","date_gmt":"2022-05-09T11:36:56","guid":{"rendered":"https:\/\/coterena.es\/shop\/?post_type=product&#038;p=5734"},"modified":"2023-04-04T08:12:43","modified_gmt":"2023-04-04T08:12:43","slug":"bomba-de-agua-saci-usada","status":"publish","type":"product","link":"https:\/\/coterena.es\/shop\/bomba-de-agua-saci-usada\/","title":{"rendered":"Bomba de Agua Saci CM 100\/1800"},"content":{"rendered":"<p>Bomba de agua SACI. Modelo CM 100\/1800. Usada<\/p>\n<p>Modelo: CM 100\/1800<\/p>\n<p>Caudal: 90m3\/h<\/p>\n<p>Altura m\u00e1xima de succi\u00f3n:18m<\/p>\n<p>Altura m\u00ednima de succi\u00f3n: 5m<\/p>\n<p>Potencia: 7,5 HP<\/p>\n<p>Revoluciones: 1450Rpm<\/p>\n<p>Voltaje: 380\/660V<\/p>\n<p>Amperios: 12,4A<\/p>\n","protected":false},"excerpt":{"rendered":"<p>Bomba de agua SACI. Modelo CM 100\/1800. Usada Modelo: CM 100\/1800 Caudal: 90m3\/h Altura m\u00e1xima de succi\u00f3n:18m Altura m\u00ednima de succi\u00f3n: 5m Potencia: 7,5 HP Revoluciones: 1450Rpm Voltaje: 380\/660V Amperios: 12,4A<\/p>\n","protected":false},"featured_media":5735,"template":"","meta":[],"product_cat":[171],"product_tag":[],"modelo":[],"acf":[],"lang":"es","translations":{"es":5734,"en":10496,"fr":10501},"pll_sync_post":[],"_links":{"self":[{"href":"https:\/\/coterena.es\/shop\/wp-json\/wp\/v2\/product\/5734"}],"collection":[{"href":"https:\/\/coterena.es\/shop\/wp-json\/wp\/v2\/product"}],"about":[{"href":"https:\/\/coterena.es\/shop\/wp-json\/wp\/v2\/types\/product"}],"wp:featuredmedia":[{"embeddable":true,"href":"https:\/\/coterena.es\/shop\/wp-json\/wp\/v2\/media\/5735"}],"wp:attachment":[{"href":"https:\/\/coterena.es\/shop\/wp-json\/wp\/v2\/media?parent=5734"}],"wp:term":[{"taxonomy":"product_cat","embeddable":true,"href":"https:\/\/coterena.es\/shop\/wp-json\/wp\/v2\/product_cat?post=5734"},{"taxonomy":"product_tag","embeddable":true,"href":"https:\/\/coterena.es\/shop\/wp-json\/wp\/v2\/product_tag?post=5734"},{"taxonomy":"modelo","embeddable":true,"href":"https:\/\/coterena.es\/shop\/wp-json\/wp\/v2\/modelo?post=5734"}],"curies":[{"name":"wp","href":"https:\/\/api.w.org\/{rel}","templated":true}]}}