{"id":5869,"date":"2022-05-12T06:46:14","date_gmt":"2022-05-12T06:46:14","guid":{"rendered":"https:\/\/coterena.es\/shop\/?post_type=product&#038;p=5869"},"modified":"2023-04-11T11:38:11","modified_gmt":"2023-04-11T11:38:11","slug":"ciguenal-caterpillar-4p-4334-nuevo","status":"publish","type":"product","link":"https:\/\/coterena.es\/shop\/ciguenal-caterpillar-4p-4334-nuevo\/","title":{"rendered":"Cig\u00fce\u00f1al Caterpillar 4P-4334"},"content":{"rendered":"<p>Cig\u00fce\u00f1al CATERPILLAR 4P-4334. Nuevo.<\/p>\n<p>Compatible con motores\u00a0 Caterpillar 3406<\/p>\n<p>Referencia: 4P-4334<\/p>\n","protected":false},"excerpt":{"rendered":"<p>Cig\u00fce\u00f1al CATERPILLAR 4P-4334. Nuevo. Compatible con motores\u00a0 Caterpillar 3406 Referencia: 4P-4334<\/p>\n","protected":false},"featured_media":5870,"template":"","meta":[],"product_cat":[6050,34],"product_tag":[],"modelo":[],"acf":[],"lang":"es","translations":{"es":5869,"en":9285,"fr":9288},"pll_sync_post":[],"_links":{"self":[{"href":"https:\/\/coterena.es\/shop\/wp-json\/wp\/v2\/product\/5869"}],"collection":[{"href":"https:\/\/coterena.es\/shop\/wp-json\/wp\/v2\/product"}],"about":[{"href":"https:\/\/coterena.es\/shop\/wp-json\/wp\/v2\/types\/product"}],"wp:featuredmedia":[{"embeddable":true,"href":"https:\/\/coterena.es\/shop\/wp-json\/wp\/v2\/media\/5870"}],"wp:attachment":[{"href":"https:\/\/coterena.es\/shop\/wp-json\/wp\/v2\/media?parent=5869"}],"wp:term":[{"taxonomy":"product_cat","embeddable":true,"href":"https:\/\/coterena.es\/shop\/wp-json\/wp\/v2\/product_cat?post=5869"},{"taxonomy":"product_tag","embeddable":true,"href":"https:\/\/coterena.es\/shop\/wp-json\/wp\/v2\/product_tag?post=5869"},{"taxonomy":"modelo","embeddable":true,"href":"https:\/\/coterena.es\/shop\/wp-json\/wp\/v2\/modelo?post=5869"}],"curies":[{"name":"wp","href":"https:\/\/api.w.org\/{rel}","templated":true}]}}