{"id":6138,"date":"2022-06-13T08:11:53","date_gmt":"2022-06-13T08:11:53","guid":{"rendered":"https:\/\/coterena.es\/shop\/?post_type=product&#038;p=6138"},"modified":"2023-04-10T05:47:54","modified_gmt":"2023-04-10T05:47:54","slug":"valvula-de-control-bomba-inyeccion-cat-358-2586","status":"publish","type":"product","link":"https:\/\/coterena.es\/shop\/valvula-de-control-bomba-inyeccion-cat-358-2586\/","title":{"rendered":"V\u00e1lvula de Control de la Bomba de Inyecci\u00f3n Caterpillar 358-2586"},"content":{"rendered":"<p>V\u00e1lvula de control de la bomba de inyecci\u00f3n CATERPILLAR 358-2586. Nueva<\/p>\n<p>Referencia: 358-2586<\/p>\n","protected":false},"excerpt":{"rendered":"<p>V\u00e1lvula de control de la bomba de inyecci\u00f3n CATERPILLAR 358-2586. Nueva Referencia: 358-2586<\/p>\n","protected":false},"featured_media":14473,"template":"","meta":[],"product_cat":[6106,34],"product_tag":[],"modelo":[],"acf":[],"lang":"es","translations":{"es":6138,"en":9889,"fr":9894},"pll_sync_post":[],"_links":{"self":[{"href":"https:\/\/coterena.es\/shop\/wp-json\/wp\/v2\/product\/6138"}],"collection":[{"href":"https:\/\/coterena.es\/shop\/wp-json\/wp\/v2\/product"}],"about":[{"href":"https:\/\/coterena.es\/shop\/wp-json\/wp\/v2\/types\/product"}],"wp:featuredmedia":[{"embeddable":true,"href":"https:\/\/coterena.es\/shop\/wp-json\/wp\/v2\/media\/14473"}],"wp:attachment":[{"href":"https:\/\/coterena.es\/shop\/wp-json\/wp\/v2\/media?parent=6138"}],"wp:term":[{"taxonomy":"product_cat","embeddable":true,"href":"https:\/\/coterena.es\/shop\/wp-json\/wp\/v2\/product_cat?post=6138"},{"taxonomy":"product_tag","embeddable":true,"href":"https:\/\/coterena.es\/shop\/wp-json\/wp\/v2\/product_tag?post=6138"},{"taxonomy":"modelo","embeddable":true,"href":"https:\/\/coterena.es\/shop\/wp-json\/wp\/v2\/modelo?post=6138"}],"curies":[{"name":"wp","href":"https:\/\/api.w.org\/{rel}","templated":true}]}}