{"id":7682,"date":"2022-07-19T06:09:39","date_gmt":"2022-07-19T06:09:39","guid":{"rendered":"https:\/\/coterena.es\/shop\/?post_type=product&#038;p=7622"},"modified":"2023-06-06T07:05:53","modified_gmt":"2023-06-06T07:05:53","slug":"regulateur-de-temperature-caterpillar-219-3240","status":"publish","type":"product","link":"https:\/\/coterena.es\/shop\/regulateur-de-temperature-caterpillar-219-3240\/","title":{"rendered":"R\u00e9gulateur de temp\u00e9rature CATERPILLAR 219-3240"},"content":{"rendered":"<p>R\u00e9gulateur de temp\u00e9rature du liquide de refroidissement CATERPILLAR 219-3240. Nouveau<\/p>\n<p>N\u00b0 de r\u00e9f.:219-3240<\/p>\n","protected":false},"excerpt":{"rendered":"<p>R\u00e9gulateur de temp\u00e9rature du liquide de refroidissement CATERPILLAR 219-3240. Nouveau N\u00b0 de r\u00e9f.:219-3240<\/p>\n","protected":false},"featured_media":16591,"template":"","meta":[],"product_cat":[6281],"product_tag":[],"modelo":[],"acf":[],"lang":"fr","translations":{"fr":7682,"es":7622,"en":7681},"pll_sync_post":[],"_links":{"self":[{"href":"https:\/\/coterena.es\/shop\/wp-json\/wp\/v2\/product\/7682"}],"collection":[{"href":"https:\/\/coterena.es\/shop\/wp-json\/wp\/v2\/product"}],"about":[{"href":"https:\/\/coterena.es\/shop\/wp-json\/wp\/v2\/types\/product"}],"wp:featuredmedia":[{"embeddable":true,"href":"https:\/\/coterena.es\/shop\/wp-json\/wp\/v2\/media\/16591"}],"wp:attachment":[{"href":"https:\/\/coterena.es\/shop\/wp-json\/wp\/v2\/media?parent=7682"}],"wp:term":[{"taxonomy":"product_cat","embeddable":true,"href":"https:\/\/coterena.es\/shop\/wp-json\/wp\/v2\/product_cat?post=7682"},{"taxonomy":"product_tag","embeddable":true,"href":"https:\/\/coterena.es\/shop\/wp-json\/wp\/v2\/product_tag?post=7682"},{"taxonomy":"modelo","embeddable":true,"href":"https:\/\/coterena.es\/shop\/wp-json\/wp\/v2\/modelo?post=7682"}],"curies":[{"name":"wp","href":"https:\/\/api.w.org\/{rel}","templated":true}]}}