{"id":7768,"date":"2022-07-18T07:25:56","date_gmt":"2022-07-18T07:25:56","guid":{"rendered":"https:\/\/coterena.es\/shop\/?post_type=product&#038;p=7539"},"modified":"2023-04-04T08:59:53","modified_gmt":"2023-04-04T08:59:53","slug":"pompe-itur-rcv-2-r-2","status":"publish","type":"product","link":"https:\/\/coterena.es\/shop\/pompe-itur-rcv-2-r-2\/","title":{"rendered":"Pompe ITUR RCV-2-&#8220;R&#8221;"},"content":{"rendered":"<p>Pompe ITUR RCV-2-&#8220;R&#8221;. Nouveau<\/p>\n<p>Mod\u00e8le : RCV<\/p>\n<p>Amp\u00e8res : 16,6<\/p>\n<p>D\u00e9bit : 18.000 litres\/heure<\/p>\n<p>Fr\u00e9quence : 60 HZ<\/p>\n<p>Vitesse de rotation : 1750RPM<\/p>\n<p>Tension : 460\/760 volts<\/p>\n","protected":false},"excerpt":{"rendered":"<p>Pompe ITUR RCV-2-&#8220;R&#8221;. Nouveau Mod\u00e8le : RCV Amp\u00e8res : 16,6 D\u00e9bit : 18.000 litres\/heure Fr\u00e9quence : 60 HZ Vitesse de rotation : 1750RPM Tension : 460\/760 volts<\/p>\n","protected":false},"featured_media":7542,"template":"","meta":[],"product_cat":[6249],"product_tag":[],"modelo":[],"acf":[],"lang":"fr","translations":{"fr":7768,"es":7539,"en":7767},"pll_sync_post":[],"_links":{"self":[{"href":"https:\/\/coterena.es\/shop\/wp-json\/wp\/v2\/product\/7768"}],"collection":[{"href":"https:\/\/coterena.es\/shop\/wp-json\/wp\/v2\/product"}],"about":[{"href":"https:\/\/coterena.es\/shop\/wp-json\/wp\/v2\/types\/product"}],"wp:featuredmedia":[{"embeddable":true,"href":"https:\/\/coterena.es\/shop\/wp-json\/wp\/v2\/media\/7542"}],"wp:attachment":[{"href":"https:\/\/coterena.es\/shop\/wp-json\/wp\/v2\/media?parent=7768"}],"wp:term":[{"taxonomy":"product_cat","embeddable":true,"href":"https:\/\/coterena.es\/shop\/wp-json\/wp\/v2\/product_cat?post=7768"},{"taxonomy":"product_tag","embeddable":true,"href":"https:\/\/coterena.es\/shop\/wp-json\/wp\/v2\/product_tag?post=7768"},{"taxonomy":"modelo","embeddable":true,"href":"https:\/\/coterena.es\/shop\/wp-json\/wp\/v2\/modelo?post=7768"}],"curies":[{"name":"wp","href":"https:\/\/api.w.org\/{rel}","templated":true}]}}