{"id":7778,"date":"2022-07-18T06:58:41","date_gmt":"2022-07-18T06:58:41","guid":{"rendered":"https:\/\/coterena.es\/shop\/?post_type=product&#038;p=7486"},"modified":"2023-04-10T07:31:56","modified_gmt":"2023-04-10T07:31:56","slug":"depurateur-alfa-laval-flex-system-p636","status":"publish","type":"product","link":"https:\/\/coterena.es\/shop\/depurateur-alfa-laval-flex-system-p636\/","title":{"rendered":"Depurateur Alfa Laval FLEX SYSTEM P636"},"content":{"rendered":"<p>ALFA LAVAL FLEX SYSTEM P636 Nouveau.<\/p>\n<p>Mod\u00e8le : Flex System P636<\/p>\n<p>Fr\u00e9quence : 60Hz<\/p>\n<p>Tension : 440V<\/p>\n<p>Inclut la bo\u00eete d&#8217;accessoires Alfa Laval P636 440 60 Hz.<\/p>\n","protected":false},"excerpt":{"rendered":"<p>ALFA LAVAL FLEX SYSTEM P636 Nouveau. Mod\u00e8le : Flex System P636 Fr\u00e9quence : 60Hz Tension : 440V Inclut la bo\u00eete d&#8217;accessoires Alfa Laval P636 440 60 Hz.<\/p>\n","protected":false},"featured_media":7489,"template":"","meta":[],"product_cat":[6257],"product_tag":[],"modelo":[],"acf":[],"lang":"fr","translations":{"fr":7778,"es":7486,"en":7777},"pll_sync_post":[],"_links":{"self":[{"href":"https:\/\/coterena.es\/shop\/wp-json\/wp\/v2\/product\/7778"}],"collection":[{"href":"https:\/\/coterena.es\/shop\/wp-json\/wp\/v2\/product"}],"about":[{"href":"https:\/\/coterena.es\/shop\/wp-json\/wp\/v2\/types\/product"}],"wp:featuredmedia":[{"embeddable":true,"href":"https:\/\/coterena.es\/shop\/wp-json\/wp\/v2\/media\/7489"}],"wp:attachment":[{"href":"https:\/\/coterena.es\/shop\/wp-json\/wp\/v2\/media?parent=7778"}],"wp:term":[{"taxonomy":"product_cat","embeddable":true,"href":"https:\/\/coterena.es\/shop\/wp-json\/wp\/v2\/product_cat?post=7778"},{"taxonomy":"product_tag","embeddable":true,"href":"https:\/\/coterena.es\/shop\/wp-json\/wp\/v2\/product_tag?post=7778"},{"taxonomy":"modelo","embeddable":true,"href":"https:\/\/coterena.es\/shop\/wp-json\/wp\/v2\/modelo?post=7778"}],"curies":[{"name":"wp","href":"https:\/\/api.w.org\/{rel}","templated":true}]}}