{"id":7964,"date":"2022-07-22T06:35:53","date_gmt":"2022-07-22T06:35:53","guid":{"rendered":"https:\/\/coterena.es\/shop\/?post_type=product&#038;p=7964"},"modified":"2023-05-03T06:36:43","modified_gmt":"2023-05-03T06:36:43","slug":"national-instruments-pxie-1071","status":"publish","type":"product","link":"https:\/\/coterena.es\/shop\/national-instruments-pxie-1071\/","title":{"rendered":"National Instruments PXIe-1071"},"content":{"rendered":"<p>El modelo de chasis PXIe-1071 de National Instruments es un instrumento dise\u00f1ado para un amplio espectro de aplicaciones de test y medidas. Este modelo cuenta con un panel posterior de gran ancho de banda. El dise\u00f1o compacto y ligero facilita la minimizaci\u00f3n de la huella de las instalaciones, lo que lo hace adecuado para entornos port\u00e1tiles o de sobremesa. El dispositivo tiene un ancho de banda de m\u00e1ximo del sistema de 3 GB por segundo.<\/p>\n<p>National Instruments PXIe-1071. Nuevo<\/p>\n<p>Modelo: PXIe-1071<\/p>\n","protected":false},"excerpt":{"rendered":"<p>El modelo de chasis PXIe-1071 de National Instruments es un instrumento dise\u00f1ado para un amplio espectro de aplicaciones de test y medidas. Este modelo cuenta con un panel posterior de gran ancho de banda. El dise\u00f1o compacto y ligero facilita la minimizaci\u00f3n de la huella de las instalaciones, lo que lo hace adecuado para entornos [&hellip;]<\/p>\n","protected":false},"featured_media":15896,"template":"","meta":[],"product_cat":[6106,75],"product_tag":[],"modelo":[],"acf":[],"lang":"es","translations":{"es":7964,"en":8537,"fr":8538},"pll_sync_post":[],"_links":{"self":[{"href":"https:\/\/coterena.es\/shop\/wp-json\/wp\/v2\/product\/7964"}],"collection":[{"href":"https:\/\/coterena.es\/shop\/wp-json\/wp\/v2\/product"}],"about":[{"href":"https:\/\/coterena.es\/shop\/wp-json\/wp\/v2\/types\/product"}],"wp:featuredmedia":[{"embeddable":true,"href":"https:\/\/coterena.es\/shop\/wp-json\/wp\/v2\/media\/15896"}],"wp:attachment":[{"href":"https:\/\/coterena.es\/shop\/wp-json\/wp\/v2\/media?parent=7964"}],"wp:term":[{"taxonomy":"product_cat","embeddable":true,"href":"https:\/\/coterena.es\/shop\/wp-json\/wp\/v2\/product_cat?post=7964"},{"taxonomy":"product_tag","embeddable":true,"href":"https:\/\/coterena.es\/shop\/wp-json\/wp\/v2\/product_tag?post=7964"},{"taxonomy":"modelo","embeddable":true,"href":"https:\/\/coterena.es\/shop\/wp-json\/wp\/v2\/modelo?post=7964"}],"curies":[{"name":"wp","href":"https:\/\/api.w.org\/{rel}","templated":true}]}}