{"id":8151,"date":"2022-07-21T07:50:05","date_gmt":"2022-07-21T07:50:05","guid":{"rendered":"https:\/\/coterena.es\/shop\/?post_type=product&#038;p=7825"},"modified":"2023-06-06T08:28:06","modified_gmt":"2023-06-06T08:28:06","slug":"joint-a-levre-caterpillar-5n-2902","status":"publish","type":"product","link":"https:\/\/coterena.es\/shop\/joint-a-levre-caterpillar-5n-2902\/","title":{"rendered":"Joint \u00e0 l\u00e8vre CATERPILLAR 5N-2902"},"content":{"rendered":"<p>Joint \u00e0 l\u00e8vre CATERPILLAR 5N-2902. Nouveau<\/p>\n<p>N\u00b0 de r\u00e9f. : 5N-2902<\/p>\n","protected":false},"excerpt":{"rendered":"<p>Joint \u00e0 l\u00e8vre CATERPILLAR 5N-2902. Nouveau N\u00b0 de r\u00e9f. : 5N-2902<\/p>\n","protected":false},"featured_media":16634,"template":"","meta":[],"product_cat":[6281],"product_tag":[],"modelo":[],"acf":[],"lang":"fr","translations":{"fr":8151,"es":7825,"en":8150},"pll_sync_post":[],"_links":{"self":[{"href":"https:\/\/coterena.es\/shop\/wp-json\/wp\/v2\/product\/8151"}],"collection":[{"href":"https:\/\/coterena.es\/shop\/wp-json\/wp\/v2\/product"}],"about":[{"href":"https:\/\/coterena.es\/shop\/wp-json\/wp\/v2\/types\/product"}],"wp:featuredmedia":[{"embeddable":true,"href":"https:\/\/coterena.es\/shop\/wp-json\/wp\/v2\/media\/16634"}],"wp:attachment":[{"href":"https:\/\/coterena.es\/shop\/wp-json\/wp\/v2\/media?parent=8151"}],"wp:term":[{"taxonomy":"product_cat","embeddable":true,"href":"https:\/\/coterena.es\/shop\/wp-json\/wp\/v2\/product_cat?post=8151"},{"taxonomy":"product_tag","embeddable":true,"href":"https:\/\/coterena.es\/shop\/wp-json\/wp\/v2\/product_tag?post=8151"},{"taxonomy":"modelo","embeddable":true,"href":"https:\/\/coterena.es\/shop\/wp-json\/wp\/v2\/modelo?post=8151"}],"curies":[{"name":"wp","href":"https:\/\/api.w.org\/{rel}","templated":true}]}}