{"id":8169,"date":"2022-07-21T07:12:03","date_gmt":"2022-07-21T07:12:03","guid":{"rendered":"https:\/\/coterena.es\/shop\/?post_type=product&#038;p=7793"},"modified":"2023-04-18T09:32:40","modified_gmt":"2023-04-18T09:32:40","slug":"filtre-a-huile-caterpillar-1r-0739","status":"publish","type":"product","link":"https:\/\/coterena.es\/shop\/filtre-a-huile-caterpillar-1r-0739\/","title":{"rendered":"Filtre \u00e0 Huile CATERPILLAR 1R-0739"},"content":{"rendered":"<p>Filtre \u00e0 huile CATERPILLAR 1R-0739. Nouveau<\/p>\n<p>Num\u00e9ro de la pi\u00e8ce : 1R-0739<\/p>\n","protected":false},"excerpt":{"rendered":"<p>Filtre \u00e0 huile CATERPILLAR 1R-0739. Nouveau Num\u00e9ro de la pi\u00e8ce : 1R-0739<\/p>\n","protected":false},"featured_media":15681,"template":"","meta":[],"product_cat":[6959,6273],"product_tag":[],"modelo":[],"acf":[],"lang":"fr","translations":{"fr":8169,"es":7793,"en":8168},"pll_sync_post":[],"_links":{"self":[{"href":"https:\/\/coterena.es\/shop\/wp-json\/wp\/v2\/product\/8169"}],"collection":[{"href":"https:\/\/coterena.es\/shop\/wp-json\/wp\/v2\/product"}],"about":[{"href":"https:\/\/coterena.es\/shop\/wp-json\/wp\/v2\/types\/product"}],"wp:featuredmedia":[{"embeddable":true,"href":"https:\/\/coterena.es\/shop\/wp-json\/wp\/v2\/media\/15681"}],"wp:attachment":[{"href":"https:\/\/coterena.es\/shop\/wp-json\/wp\/v2\/media?parent=8169"}],"wp:term":[{"taxonomy":"product_cat","embeddable":true,"href":"https:\/\/coterena.es\/shop\/wp-json\/wp\/v2\/product_cat?post=8169"},{"taxonomy":"product_tag","embeddable":true,"href":"https:\/\/coterena.es\/shop\/wp-json\/wp\/v2\/product_tag?post=8169"},{"taxonomy":"modelo","embeddable":true,"href":"https:\/\/coterena.es\/shop\/wp-json\/wp\/v2\/modelo?post=8169"}],"curies":[{"name":"wp","href":"https:\/\/api.w.org\/{rel}","templated":true}]}}