{"id":8173,"date":"2022-07-21T05:45:14","date_gmt":"2022-07-21T05:45:14","guid":{"rendered":"https:\/\/coterena.es\/shop\/?post_type=product&#038;p=7785"},"modified":"2023-04-18T09:50:19","modified_gmt":"2023-04-18T09:50:19","slug":"filtre-a-carburant-caterpillar-1r-0750","status":"publish","type":"product","link":"https:\/\/coterena.es\/shop\/filtre-a-carburant-caterpillar-1r-0750\/","title":{"rendered":"Filtre \u00e0 Carburant CATERPILLAR 1R-0750"},"content":{"rendered":"<p>Filtre \u00e0 carburant CATERPILLAR 1R-0750. Nouveau<\/p>\n<p>Num\u00e9ro de pi\u00e8ce: 1R-0750<\/p>\n","protected":false},"excerpt":{"rendered":"<p>Filtre \u00e0 carburant CATERPILLAR 1R-0750. Nouveau Num\u00e9ro de pi\u00e8ce: 1R-0750<\/p>\n","protected":false},"featured_media":15693,"template":"","meta":[],"product_cat":[6975,6273],"product_tag":[],"modelo":[],"acf":[],"lang":"fr","translations":{"fr":8173,"es":7785,"en":8172},"pll_sync_post":[],"_links":{"self":[{"href":"https:\/\/coterena.es\/shop\/wp-json\/wp\/v2\/product\/8173"}],"collection":[{"href":"https:\/\/coterena.es\/shop\/wp-json\/wp\/v2\/product"}],"about":[{"href":"https:\/\/coterena.es\/shop\/wp-json\/wp\/v2\/types\/product"}],"wp:featuredmedia":[{"embeddable":true,"href":"https:\/\/coterena.es\/shop\/wp-json\/wp\/v2\/media\/15693"}],"wp:attachment":[{"href":"https:\/\/coterena.es\/shop\/wp-json\/wp\/v2\/media?parent=8173"}],"wp:term":[{"taxonomy":"product_cat","embeddable":true,"href":"https:\/\/coterena.es\/shop\/wp-json\/wp\/v2\/product_cat?post=8173"},{"taxonomy":"product_tag","embeddable":true,"href":"https:\/\/coterena.es\/shop\/wp-json\/wp\/v2\/product_tag?post=8173"},{"taxonomy":"modelo","embeddable":true,"href":"https:\/\/coterena.es\/shop\/wp-json\/wp\/v2\/modelo?post=8173"}],"curies":[{"name":"wp","href":"https:\/\/api.w.org\/{rel}","templated":true}]}}