{"id":8178,"date":"2022-07-15T10:45:02","date_gmt":"2022-07-15T10:45:02","guid":{"rendered":"https:\/\/coterena.es\/shop\/?post_type=product&#038;p=7402"},"modified":"2023-06-06T07:55:21","modified_gmt":"2023-06-06T07:55:21","slug":"joint-a-levres-caterpillar-2m-2489","status":"publish","type":"product","link":"https:\/\/coterena.es\/shop\/joint-a-levres-caterpillar-2m-2489\/","title":{"rendered":"Joint \u00e0 l\u00e8vres CATERPILLAR 2M-2489"},"content":{"rendered":"<p>Joint \u00e0 l\u00e8vres CATERPILLAR 2M-2489. Nouveau<\/p>\n<p>N\u00b0 de r\u00e9f. : 2M-2489<\/p>\n","protected":false},"excerpt":{"rendered":"<p>Joint \u00e0 l\u00e8vres CATERPILLAR 2M-2489. Nouveau N\u00b0 de r\u00e9f. : 2M-2489<\/p>\n","protected":false},"featured_media":16626,"template":"","meta":[],"product_cat":[6281],"product_tag":[],"modelo":[],"acf":[],"lang":"fr","translations":{"fr":8178,"es":7402,"en":8177},"pll_sync_post":[],"_links":{"self":[{"href":"https:\/\/coterena.es\/shop\/wp-json\/wp\/v2\/product\/8178"}],"collection":[{"href":"https:\/\/coterena.es\/shop\/wp-json\/wp\/v2\/product"}],"about":[{"href":"https:\/\/coterena.es\/shop\/wp-json\/wp\/v2\/types\/product"}],"wp:featuredmedia":[{"embeddable":true,"href":"https:\/\/coterena.es\/shop\/wp-json\/wp\/v2\/media\/16626"}],"wp:attachment":[{"href":"https:\/\/coterena.es\/shop\/wp-json\/wp\/v2\/media?parent=8178"}],"wp:term":[{"taxonomy":"product_cat","embeddable":true,"href":"https:\/\/coterena.es\/shop\/wp-json\/wp\/v2\/product_cat?post=8178"},{"taxonomy":"product_tag","embeddable":true,"href":"https:\/\/coterena.es\/shop\/wp-json\/wp\/v2\/product_tag?post=8178"},{"taxonomy":"modelo","embeddable":true,"href":"https:\/\/coterena.es\/shop\/wp-json\/wp\/v2\/modelo?post=8178"}],"curies":[{"name":"wp","href":"https:\/\/api.w.org\/{rel}","templated":true}]}}