{"id":8206,"date":"2022-07-13T08:59:43","date_gmt":"2022-07-13T08:59:43","guid":{"rendered":"https:\/\/coterena.es\/shop\/?post_type=product&#038;p=7086"},"modified":"2023-09-21T07:10:41","modified_gmt":"2023-09-21T07:10:41","slug":"sonde-de-temperature-mak","status":"publish","type":"product","link":"https:\/\/coterena.es\/shop\/sonde-de-temperature-mak\/","title":{"rendered":"Sonde de temp\u00e9rature MAK"},"content":{"rendered":"<p>Sonde de temp\u00e9rature MAK. Nouveau<\/p>\n<p>Num\u00e9ro de pi\u00e8ce: 193094927<\/p>\n<p>Fabricant : Noris TH31<\/p>\n<p>Num\u00e9ro de catalogue : 0.3699-005<\/p>\n","protected":false},"excerpt":{"rendered":"<p>Sonde de temp\u00e9rature MAK. Nouveau Num\u00e9ro de pi\u00e8ce: 193094927 Fabricant : Noris TH31 Num\u00e9ro de catalogue : 0.3699-005<\/p>\n","protected":false},"featured_media":16050,"template":"","meta":[],"product_cat":[6929,6273],"product_tag":[],"modelo":[],"acf":[],"lang":"fr","translations":{"fr":8206,"es":7086,"en":8205},"pll_sync_post":[],"_links":{"self":[{"href":"https:\/\/coterena.es\/shop\/wp-json\/wp\/v2\/product\/8206"}],"collection":[{"href":"https:\/\/coterena.es\/shop\/wp-json\/wp\/v2\/product"}],"about":[{"href":"https:\/\/coterena.es\/shop\/wp-json\/wp\/v2\/types\/product"}],"wp:featuredmedia":[{"embeddable":true,"href":"https:\/\/coterena.es\/shop\/wp-json\/wp\/v2\/media\/16050"}],"wp:attachment":[{"href":"https:\/\/coterena.es\/shop\/wp-json\/wp\/v2\/media?parent=8206"}],"wp:term":[{"taxonomy":"product_cat","embeddable":true,"href":"https:\/\/coterena.es\/shop\/wp-json\/wp\/v2\/product_cat?post=8206"},{"taxonomy":"product_tag","embeddable":true,"href":"https:\/\/coterena.es\/shop\/wp-json\/wp\/v2\/product_tag?post=8206"},{"taxonomy":"modelo","embeddable":true,"href":"https:\/\/coterena.es\/shop\/wp-json\/wp\/v2\/modelo?post=8206"}],"curies":[{"name":"wp","href":"https:\/\/api.w.org\/{rel}","templated":true}]}}