{"id":8212,"date":"2022-07-13T08:08:04","date_gmt":"2022-07-13T08:08:04","guid":{"rendered":"https:\/\/coterena.es\/shop\/?post_type=product&#038;p=7041"},"modified":"2023-04-13T06:40:26","modified_gmt":"2023-04-13T06:40:26","slug":"receptacle-caterpillar-9x-0146-2","status":"publish","type":"product","link":"https:\/\/coterena.es\/shop\/receptacle-caterpillar-9x-0146-2\/","title":{"rendered":"R\u00e9ceptacle Caterpillar 9X-0146"},"content":{"rendered":"<p>R\u00e9ceptacle CATERPILLAR 9X-0146. Nouveau<\/p>\n<p>Num\u00e9ro de pi\u00e8ce.: 9X-0146<\/p>\n","protected":false},"excerpt":{"rendered":"<p>R\u00e9ceptacle CATERPILLAR 9X-0146. Nouveau Num\u00e9ro de pi\u00e8ce.: 9X-0146<\/p>\n","protected":false},"featured_media":15222,"template":"","meta":[],"product_cat":[6929,6281],"product_tag":[],"modelo":[],"acf":[],"lang":"fr","translations":{"fr":8212,"es":7041,"en":8211},"pll_sync_post":[],"_links":{"self":[{"href":"https:\/\/coterena.es\/shop\/wp-json\/wp\/v2\/product\/8212"}],"collection":[{"href":"https:\/\/coterena.es\/shop\/wp-json\/wp\/v2\/product"}],"about":[{"href":"https:\/\/coterena.es\/shop\/wp-json\/wp\/v2\/types\/product"}],"wp:featuredmedia":[{"embeddable":true,"href":"https:\/\/coterena.es\/shop\/wp-json\/wp\/v2\/media\/15222"}],"wp:attachment":[{"href":"https:\/\/coterena.es\/shop\/wp-json\/wp\/v2\/media?parent=8212"}],"wp:term":[{"taxonomy":"product_cat","embeddable":true,"href":"https:\/\/coterena.es\/shop\/wp-json\/wp\/v2\/product_cat?post=8212"},{"taxonomy":"product_tag","embeddable":true,"href":"https:\/\/coterena.es\/shop\/wp-json\/wp\/v2\/product_tag?post=8212"},{"taxonomy":"modelo","embeddable":true,"href":"https:\/\/coterena.es\/shop\/wp-json\/wp\/v2\/modelo?post=8212"}],"curies":[{"name":"wp","href":"https:\/\/api.w.org\/{rel}","templated":true}]}}