{"id":8305,"date":"2022-06-28T07:32:52","date_gmt":"2022-06-28T07:32:52","guid":{"rendered":"https:\/\/coterena.es\/shop\/?post_type=product&#038;p=6334"},"modified":"2023-04-18T07:20:28","modified_gmt":"2023-04-18T07:20:28","slug":"roulement-a-billes-caterpillar-188-0450","status":"publish","type":"product","link":"https:\/\/coterena.es\/shop\/roulement-a-billes-caterpillar-188-0450\/","title":{"rendered":"Roulement \u00e0 billes Caterpillar 188-0450"},"content":{"rendered":"<p>Roulement \u00e0 billes CATERPILLAR 188-0450 Nouveau<\/p>\n<p>Num\u00e9ro de pi\u00e8ce : 188-0450<\/p>\n","protected":false},"excerpt":{"rendered":"<p>Roulement \u00e0 billes CATERPILLAR 188-0450 Nouveau Num\u00e9ro de pi\u00e8ce : 188-0450<\/p>\n","protected":false},"featured_media":15565,"template":"","meta":[],"product_cat":[6273,7001],"product_tag":[],"modelo":[],"acf":[],"lang":"fr","translations":{"fr":8305,"es":6334,"en":8301},"pll_sync_post":[],"_links":{"self":[{"href":"https:\/\/coterena.es\/shop\/wp-json\/wp\/v2\/product\/8305"}],"collection":[{"href":"https:\/\/coterena.es\/shop\/wp-json\/wp\/v2\/product"}],"about":[{"href":"https:\/\/coterena.es\/shop\/wp-json\/wp\/v2\/types\/product"}],"wp:featuredmedia":[{"embeddable":true,"href":"https:\/\/coterena.es\/shop\/wp-json\/wp\/v2\/media\/15565"}],"wp:attachment":[{"href":"https:\/\/coterena.es\/shop\/wp-json\/wp\/v2\/media?parent=8305"}],"wp:term":[{"taxonomy":"product_cat","embeddable":true,"href":"https:\/\/coterena.es\/shop\/wp-json\/wp\/v2\/product_cat?post=8305"},{"taxonomy":"product_tag","embeddable":true,"href":"https:\/\/coterena.es\/shop\/wp-json\/wp\/v2\/product_tag?post=8305"},{"taxonomy":"modelo","embeddable":true,"href":"https:\/\/coterena.es\/shop\/wp-json\/wp\/v2\/modelo?post=8305"}],"curies":[{"name":"wp","href":"https:\/\/api.w.org\/{rel}","templated":true}]}}