{"id":8313,"date":"2022-06-28T07:24:35","date_gmt":"2022-06-28T07:24:35","guid":{"rendered":"https:\/\/coterena.es\/shop\/?post_type=product&#038;p=6329"},"modified":"2023-04-18T07:15:12","modified_gmt":"2023-04-18T07:15:12","slug":"roulement-a-billes-caterpillar-188-0449","status":"publish","type":"product","link":"https:\/\/coterena.es\/shop\/roulement-a-billes-caterpillar-188-0449\/","title":{"rendered":"Roulement \u00e0 billes CATERPILLAR 188-0449"},"content":{"rendered":"<p>Roulement \u00e0 billes CATERPILLAR 188-0449. Nouveau<\/p>\n<p>Num\u00e9ro de pi\u00e8ce : 188-0449<\/p>\n","protected":false},"excerpt":{"rendered":"<p>Roulement \u00e0 billes CATERPILLAR 188-0449. Nouveau Num\u00e9ro de pi\u00e8ce : 188-0449<\/p>\n","protected":false},"featured_media":15555,"template":"","meta":[],"product_cat":[6273,7001],"product_tag":[],"modelo":[],"acf":[],"lang":"fr","translations":{"fr":8313,"es":6329,"en":8309},"pll_sync_post":[],"_links":{"self":[{"href":"https:\/\/coterena.es\/shop\/wp-json\/wp\/v2\/product\/8313"}],"collection":[{"href":"https:\/\/coterena.es\/shop\/wp-json\/wp\/v2\/product"}],"about":[{"href":"https:\/\/coterena.es\/shop\/wp-json\/wp\/v2\/types\/product"}],"wp:featuredmedia":[{"embeddable":true,"href":"https:\/\/coterena.es\/shop\/wp-json\/wp\/v2\/media\/15555"}],"wp:attachment":[{"href":"https:\/\/coterena.es\/shop\/wp-json\/wp\/v2\/media?parent=8313"}],"wp:term":[{"taxonomy":"product_cat","embeddable":true,"href":"https:\/\/coterena.es\/shop\/wp-json\/wp\/v2\/product_cat?post=8313"},{"taxonomy":"product_tag","embeddable":true,"href":"https:\/\/coterena.es\/shop\/wp-json\/wp\/v2\/product_tag?post=8313"},{"taxonomy":"modelo","embeddable":true,"href":"https:\/\/coterena.es\/shop\/wp-json\/wp\/v2\/modelo?post=8313"}],"curies":[{"name":"wp","href":"https:\/\/api.w.org\/{rel}","templated":true}]}}