{"id":8493,"date":"2022-07-27T11:35:41","date_gmt":"2022-07-27T11:35:41","guid":{"rendered":"https:\/\/coterena.es\/shop\/?post_type=product&#038;p=8337"},"modified":"2023-04-10T12:36:48","modified_gmt":"2023-04-10T12:36:48","slug":"torsiometre-coterena","status":"publish","type":"product","link":"https:\/\/coterena.es\/shop\/torsiometre-coterena\/","title":{"rendered":"Torsiom\u00e8tre COTERENA"},"content":{"rendered":"<p>Torsiom\u00e8tre COTERENA<\/p>\n<p>Informations sur le produit :<br \/>\nTorsiom\u00e8tre Coterena COTV2. Nouveau<\/p>\n<p>Le torsiom\u00e8tre COTV2 se compose de deux \u00e9l\u00e9ments de base :<\/p>\n<p>LE MODULE D&#8217;\u00c9MISSION<br \/>\nLe module \u00e9metteur permet de connecter jusqu&#8217;\u00e0 quatre capteurs de mesure (puissance, flexion&#8230;). Il dispose pour cela de quatre canaux de mesure ind\u00e9pendants. Les principales fonctions du module \u00e9metteur sont les suivantes<br \/>\nLes principales fonctions du module \u00e9metteur sont les suivantes :<br \/>\n&#8211; Alimentation ind\u00e9pendante pour chaque capteur de mesure, avec une valeur de 2,5 Vdc.<br \/>\n&#8211; Conditionnement ind\u00e9pendant du signal pour chaque capteur. Il est possible de modifier le gain et l&#8217;offset de chaque canal de mesure.<br \/>\n&#8211; Conversion analogique-num\u00e9rique simultan\u00e9e des quatre canaux de mesure avec une r\u00e9solution de 15 bits (2^15 = 32768 pts) et une fr\u00e9quence d&#8217;\u00e9chantillonnage programmable de 0,25ksps \u00e0 64ksps.<br \/>\n&#8211; Traitement num\u00e9rique du signal de chaque canal de mesure avec un module DSP.<br \/>\n&#8211; D\u00e9termination de la vitesse de rotation (dans le cas d&#8217;un axe).<br \/>\n&#8211; Transmission sans fil du signal au module r\u00e9cepteur via la technologie Bluetooth.<br \/>\n&#8211; Capteur de temp\u00e9rature sp\u00e9cifique int\u00e9gr\u00e9.<br \/>\n&#8211; Alimentation du module par batterie, de 4 Vdc \u00e0 18 Vdc (une tension d&#8217;alimentation aussi proche que possible de 4 Vdc est toutefois pr\u00e9f\u00e9rable).<\/p>\n<p>Caract\u00e9ristiques techniques :<\/p>\n<p>Tension d&#8217;alimentation : 6,5 \u00e0 26 Vdc<br \/>\nConsommation de courant (avec une jauge de 350 ohms) :<br \/>\nTransmission des donn\u00e9es : 200 mA<br \/>\nEn veille (pas d&#8217;alimentation de la jauge) : 80 mA<br \/>\nTension d&#8217;excitation de la jauge : 2,5 Vcc (\u00b10,08%, 5 ppm\/0C)<br \/>\nCourant de sortie disponible : 100 mA (max.)<br \/>\nR\u00e9sistance de la jauge : 350 \u00e0 1000 ohms<br \/>\nPlage de tension d&#8217;entr\u00e9e (\u00b1S \u00e0 -E) : 0,6 \u00e0 3,8 V<br \/>\nTension de d\u00e9calage d&#8217;entr\u00e9e : 2 V<br \/>\nD\u00e9rive de la tension de d\u00e9calage d&#8217;entr\u00e9e : 65 nV\/0C<br \/>\nPr\u00e9cision du gain diff\u00e9rentiel : 1,6 % (max.)<br \/>\nCoefficient de gain diff\u00e9rentiel t0 : 15 ppm\/0C<br \/>\nRapport de r\u00e9jection du mode commun (CMRR) : 96 dB (min.)<br \/>\nR\u00e9solution ADC canaux mesur\u00e9s : 15 bits (2^15 = 32768 pts)<br \/>\nTaux d&#8217;\u00e9chantillonnage : 0,25ksps \u00e0 64ksps<br \/>\nRapport signal\/bruit (SNR) : 94,5 dB<br \/>\nLargeur de bande du signal (-3 dB) : 0,055 \u00e0 13,5 kHz<br \/>\nCapteur de taux de r\u00e9solution ADC : 12 bits (2^12 = 4096 pts)<br \/>\nTaux d&#8217;\u00e9chantillonnage : 500 ksps (max.)<br \/>\nRapport signal\/bruit\/distorsion (SINAD) : 69,5 dB<br \/>\nPlage de vitesse de rotation : 2 \u00e0 2000 tr\/min<br \/>\nR\u00e9solution ADC capteur t0et tension : 12 bits (2^12 = 4096 pts)<br \/>\nFr\u00e9quence d&#8217;\u00e9chantillonnage : 500 ksps (max.)<br \/>\nRapport signal-bruit-distorsion (SINAD) : 69,5 dB<br \/>\nPlage de mesure de la temp\u00e9rature : -30 \u00e0 85 0C<br \/>\nPlage de mesure de la tension : 0 \u00e0 32,0 V<br \/>\nAntenne de transmission des donn\u00e9es : Bluetooth v4.0 (2,4 GHz)<br \/>\nPort\u00e9e de l&#8217;antenne : 300 m (max.)<br \/>\nTemp\u00e9rature de fonctionnement : -30 \u00e0 85 0C<br \/>\nDimensions : 96 mm x 60 mm x 15 mm<br \/>\nPoids (sans batterie) : 100 grammes<\/p>\n<p>MODULE R\u00c9CEPTEUR<\/p>\n<p>Le module r\u00e9cepteur permet la liaison avec le module \u00e9metteur pour la commande et le fonctionnement. En outre, il sert d&#8217;interface pour connecter le torsiom\u00e8tre \u00e0 un \u00e9quipement de contr\u00f4le ou d&#8217;acquisition de donn\u00e9es, par exemple un PC ou un automate.<br \/>\n&#8211; Il poss\u00e8de deux ports de communication : un port s\u00e9rie RS232 et un port Ethernet :<br \/>\n&#8211; Port s\u00e9rie RS232 avec les param\u00e8tres de communication suivants : d\u00e9bit 115000 bauds, 8 bits de donn\u00e9es, pas de parit\u00e9, 1 bit d&#8217;arr\u00eat, pas de contr\u00f4le de la communication.<br \/>\n&#8211; Port Ethernet : compatible avec les r\u00e9seaux 10\/100\/1000Base-T. Le protocole de communication mis en \u0153uvre est TCP\/IP. D&#8217;autre part, il est \u00e9galement possible de connecter un \u00e9cran graphique LCD de 128\u00d764 pixels. La taille de l&#8217;\u00e9cran est de 68x51mm. La tension d&#8217;alimentation du module r\u00e9cepteur est de 24 Vdc. Pour des applications sp\u00e9ciales, le module r\u00e9cepteur peut \u00eatre omis. Dans ce cas, il est n\u00e9cessaire de disposer d&#8217;un PC (portable, de bureau, industriel ou embarqu\u00e9) dot\u00e9 d&#8217;un port de communication Bluetooth. Il sera \u00e9galement n\u00e9cessaire d&#8217;installer le logiciel appropri\u00e9 pour l&#8217;application.<\/p>\n<p>Sp\u00e9cifications techniques<br \/>\nTension d&#8217;alimentation : 24 Vdc<br \/>\nConsommation de courant : 150 mA<br \/>\nPort RS232 :<br \/>\nVitesse de transmission : 115 000 bauds<br \/>\nBits de donn\u00e9es : 8<br \/>\nParit\u00e9 : aucune parit\u00e9<br \/>\nBits d&#8217;arr\u00eat : 1<br \/>\nContr\u00f4le de flux : non<br \/>\nPort Ethernet :<br \/>\nR\u00e9seau : 10 Base-T (compatible avec les r\u00e9seaux<br \/>\n10\/100\/1000Base-T)<br \/>\nProtocole : TCP\/IP<br \/>\nMode de communication : duplex int\u00e9gral et semi-duplex<br \/>\nAdresse IP : 192.168.0.xxx<br \/>\nMasque de r\u00e9seau : 255.255.255.0<br \/>\n\u00c9cran graphique LCD :<br \/>\nR\u00e9solution : 128\u00d764 pixels<br \/>\n(8\u00d721 caract\u00e8res)<br \/>\nDimensions : 68 mm x 51 mm<br \/>\nAntenne de transmission de donn\u00e9es : Bluetooth v4.0 (2,4 GHz)<br \/>\nPort\u00e9e de l&#8217;antenne : 300 m (max.)<br \/>\nTemp\u00e9rature de fonctionnement : -20 \u00e0 70<br \/>\nTemp\u00e9rature de fonctionnement : -20 \u00e0 70 0C<br \/>\nDimensions : 70 mm x 80 mm x 40 mm<br \/>\nPoids (sans \u00e9cran) : 100 grammes<\/p>\n<p>&nbsp;<\/p>\n","protected":false},"excerpt":{"rendered":"<p>Torsiom\u00e8tre COTERENA Informations sur le produit : Torsiom\u00e8tre Coterena COTV2. Nouveau Le torsiom\u00e8tre COTV2 se compose de deux \u00e9l\u00e9ments de base : LE MODULE D&#8217;\u00c9MISSION Le module \u00e9metteur permet de connecter jusqu&#8217;\u00e0 quatre capteurs de mesure (puissance, flexion&#8230;). Il dispose pour cela de quatre canaux de mesure ind\u00e9pendants. Les principales fonctions du module \u00e9metteur sont [&hellip;]<\/p>\n","protected":false},"featured_media":13213,"template":"","meta":[],"product_cat":[6285],"product_tag":[],"modelo":[],"acf":[],"lang":"fr","translations":{"fr":8493,"en":8492},"pll_sync_post":[],"_links":{"self":[{"href":"https:\/\/coterena.es\/shop\/wp-json\/wp\/v2\/product\/8493"}],"collection":[{"href":"https:\/\/coterena.es\/shop\/wp-json\/wp\/v2\/product"}],"about":[{"href":"https:\/\/coterena.es\/shop\/wp-json\/wp\/v2\/types\/product"}],"wp:featuredmedia":[{"embeddable":true,"href":"https:\/\/coterena.es\/shop\/wp-json\/wp\/v2\/media\/13213"}],"wp:attachment":[{"href":"https:\/\/coterena.es\/shop\/wp-json\/wp\/v2\/media?parent=8493"}],"wp:term":[{"taxonomy":"product_cat","embeddable":true,"href":"https:\/\/coterena.es\/shop\/wp-json\/wp\/v2\/product_cat?post=8493"},{"taxonomy":"product_tag","embeddable":true,"href":"https:\/\/coterena.es\/shop\/wp-json\/wp\/v2\/product_tag?post=8493"},{"taxonomy":"modelo","embeddable":true,"href":"https:\/\/coterena.es\/shop\/wp-json\/wp\/v2\/modelo?post=8493"}],"curies":[{"name":"wp","href":"https:\/\/api.w.org\/{rel}","templated":true}]}}