{"id":8534,"date":"2022-07-22T06:49:12","date_gmt":"2022-07-22T06:49:12","guid":{"rendered":"https:\/\/coterena.es\/shop\/?post_type=product&#038;p=7978"},"modified":"2023-06-06T07:42:35","modified_gmt":"2023-06-06T07:42:35","slug":"ajoint-technique-caterpillar-204-9598sello-catepillar","status":"publish","type":"product","link":"https:\/\/coterena.es\/shop\/ajoint-technique-caterpillar-204-9598sello-catepillar\/","title":{"rendered":"Joint technique CATERPILLAR 204-9598"},"content":{"rendered":"<p>Joint technique CATERPILLAR 204-9598. Nouveau<\/p>\n<p>Num\u00e9ro de r\u00e9f\u00e9rence : 204-9598<\/p>\n","protected":false},"excerpt":{"rendered":"<p>Joint technique CATERPILLAR 204-9598. Nouveau Num\u00e9ro de r\u00e9f\u00e9rence : 204-9598<\/p>\n","protected":false},"featured_media":16610,"template":"","meta":[],"product_cat":[6281],"product_tag":[],"modelo":[],"acf":[],"lang":"fr","translations":{"fr":8534,"es":7978,"en":8533},"pll_sync_post":[],"_links":{"self":[{"href":"https:\/\/coterena.es\/shop\/wp-json\/wp\/v2\/product\/8534"}],"collection":[{"href":"https:\/\/coterena.es\/shop\/wp-json\/wp\/v2\/product"}],"about":[{"href":"https:\/\/coterena.es\/shop\/wp-json\/wp\/v2\/types\/product"}],"wp:featuredmedia":[{"embeddable":true,"href":"https:\/\/coterena.es\/shop\/wp-json\/wp\/v2\/media\/16610"}],"wp:attachment":[{"href":"https:\/\/coterena.es\/shop\/wp-json\/wp\/v2\/media?parent=8534"}],"wp:term":[{"taxonomy":"product_cat","embeddable":true,"href":"https:\/\/coterena.es\/shop\/wp-json\/wp\/v2\/product_cat?post=8534"},{"taxonomy":"product_tag","embeddable":true,"href":"https:\/\/coterena.es\/shop\/wp-json\/wp\/v2\/product_tag?post=8534"},{"taxonomy":"modelo","embeddable":true,"href":"https:\/\/coterena.es\/shop\/wp-json\/wp\/v2\/modelo?post=8534"}],"curies":[{"name":"wp","href":"https:\/\/api.w.org\/{rel}","templated":true}]}}