{"id":8704,"date":"2022-08-01T06:33:54","date_gmt":"2022-08-01T06:33:54","guid":{"rendered":"https:\/\/coterena.es\/shop\/?post_type=product&#038;p=8704"},"modified":"2023-04-11T11:42:21","modified_gmt":"2023-04-11T11:42:21","slug":"bomba-de-inyeccion-deutz-350","status":"publish","type":"product","link":"https:\/\/coterena.es\/shop\/bomba-de-inyeccion-deutz-350\/","title":{"rendered":"Bomba de inyecci\u00f3n Motor Deutz 350"},"content":{"rendered":"<p>Bomba de inyecci\u00f3n Deutz 350.Usada<\/p>\n<p>Modelo: 350<\/p>\n<p>Referencia: 02122690<\/p>\n<p>Incluye mirilla de la bomba de inyecci\u00f3n.<br \/>\nEs una bomba de inyecci\u00f3n compatible con motores 12M 350 reversibles de 4000 cv y 430 rpm .<br \/>\nLas conexiones para las tuber\u00edas de inyecci\u00f3n de esta bomba han sido modificadas para el montaje de tuber\u00edas de inyecci\u00f3n enfundadas, que es la versi\u00f3n m\u00e1s actualizada de tuber\u00edas de inyecci\u00f3n.<\/p>\n","protected":false},"excerpt":{"rendered":"<p>Bomba de inyecci\u00f3n Deutz 350.Usada Modelo: 350 Referencia: 02122690 Incluye mirilla de la bomba de inyecci\u00f3n. Es una bomba de inyecci\u00f3n compatible con motores 12M 350 reversibles de 4000 cv y 430 rpm . Las conexiones para las tuber\u00edas de inyecci\u00f3n de esta bomba han sido modificadas para el montaje de tuber\u00edas de inyecci\u00f3n enfundadas, [&hellip;]<\/p>\n","protected":false},"featured_media":8705,"template":"","meta":[],"product_cat":[34,6064],"product_tag":[],"modelo":[],"acf":[],"lang":"es","translations":{"es":8704,"en":8717,"fr":8718},"pll_sync_post":[],"_links":{"self":[{"href":"https:\/\/coterena.es\/shop\/wp-json\/wp\/v2\/product\/8704"}],"collection":[{"href":"https:\/\/coterena.es\/shop\/wp-json\/wp\/v2\/product"}],"about":[{"href":"https:\/\/coterena.es\/shop\/wp-json\/wp\/v2\/types\/product"}],"wp:featuredmedia":[{"embeddable":true,"href":"https:\/\/coterena.es\/shop\/wp-json\/wp\/v2\/media\/8705"}],"wp:attachment":[{"href":"https:\/\/coterena.es\/shop\/wp-json\/wp\/v2\/media?parent=8704"}],"wp:term":[{"taxonomy":"product_cat","embeddable":true,"href":"https:\/\/coterena.es\/shop\/wp-json\/wp\/v2\/product_cat?post=8704"},{"taxonomy":"product_tag","embeddable":true,"href":"https:\/\/coterena.es\/shop\/wp-json\/wp\/v2\/product_tag?post=8704"},{"taxonomy":"modelo","embeddable":true,"href":"https:\/\/coterena.es\/shop\/wp-json\/wp\/v2\/modelo?post=8704"}],"curies":[{"name":"wp","href":"https:\/\/api.w.org\/{rel}","templated":true}]}}