{"id":8718,"date":"2022-08-01T06:33:54","date_gmt":"2022-08-01T06:33:54","guid":{"rendered":"https:\/\/coterena.es\/shop\/?post_type=product&#038;p=8704"},"modified":"2023-09-21T08:31:17","modified_gmt":"2023-09-21T08:31:17","slug":"pompe-a-injection-deutz-350","status":"publish","type":"product","link":"https:\/\/coterena.es\/shop\/pompe-a-injection-deutz-350\/","title":{"rendered":"Pompe \u00e0 injection Deutz 350"},"content":{"rendered":"<p>Pompe \u00e0 injection Deutz 350. D\u00b4ocassion<\/p>\n<p>Mod\u00e8le : 350<\/p>\n<p>Num\u00e9ro de pi\u00e8ce : 02122690<\/p>\n<p>Comprend le voyant de la pompe d&#8217;injection.<br \/>\nIl s&#8217;agit d&#8217;une pompe d&#8217;injection compatible avec les moteurs r\u00e9versibles 12M 350 de 4000 ch et 430 tr\/min.<br \/>\nLes raccords des tuyaux d&#8217;injection de cette pompe ont \u00e9t\u00e9 modifi\u00e9s pour le montage de tuyaux d&#8217;injection gain\u00e9s, qui est la version la plus r\u00e9cente des tuyaux d&#8217;injection.<\/p>\n","protected":false},"excerpt":{"rendered":"<p>Pompe \u00e0 injection Deutz 350. D\u00b4ocassion Mod\u00e8le : 350 Num\u00e9ro de pi\u00e8ce : 02122690 Comprend le voyant de la pompe d&#8217;injection. Il s&#8217;agit d&#8217;une pompe d&#8217;injection compatible avec les moteurs r\u00e9versibles 12M 350 de 4000 ch et 430 tr\/min. Les raccords des tuyaux d&#8217;injection de cette pompe ont \u00e9t\u00e9 modifi\u00e9s pour le montage de tuyaux [&hellip;]<\/p>\n","protected":false},"featured_media":8707,"template":"","meta":[],"product_cat":[6273,6947],"product_tag":[],"modelo":[],"acf":[],"lang":"fr","translations":{"fr":8718,"es":8704,"en":8717},"pll_sync_post":[],"_links":{"self":[{"href":"https:\/\/coterena.es\/shop\/wp-json\/wp\/v2\/product\/8718"}],"collection":[{"href":"https:\/\/coterena.es\/shop\/wp-json\/wp\/v2\/product"}],"about":[{"href":"https:\/\/coterena.es\/shop\/wp-json\/wp\/v2\/types\/product"}],"wp:featuredmedia":[{"embeddable":true,"href":"https:\/\/coterena.es\/shop\/wp-json\/wp\/v2\/media\/8707"}],"wp:attachment":[{"href":"https:\/\/coterena.es\/shop\/wp-json\/wp\/v2\/media?parent=8718"}],"wp:term":[{"taxonomy":"product_cat","embeddable":true,"href":"https:\/\/coterena.es\/shop\/wp-json\/wp\/v2\/product_cat?post=8718"},{"taxonomy":"product_tag","embeddable":true,"href":"https:\/\/coterena.es\/shop\/wp-json\/wp\/v2\/product_tag?post=8718"},{"taxonomy":"modelo","embeddable":true,"href":"https:\/\/coterena.es\/shop\/wp-json\/wp\/v2\/modelo?post=8718"}],"curies":[{"name":"wp","href":"https:\/\/api.w.org\/{rel}","templated":true}]}}