{"id":8738,"date":"2022-05-06T10:55:07","date_gmt":"2022-05-06T10:55:07","guid":{"rendered":"https:\/\/coterena.es\/shop\/?post_type=product&#038;p=5697"},"modified":"2023-04-11T11:23:46","modified_gmt":"2023-04-11T11:23:46","slug":"boitier-dentree-dair-vtr-400-abb","status":"publish","type":"product","link":"https:\/\/coterena.es\/shop\/boitier-dentree-dair-vtr-400-abb\/","title":{"rendered":"Bo\u00eetier d&#8217;entr\u00e9e d&#8217;air VTR 400 ABB"},"content":{"rendered":"<p>Bo\u00eetier d&#8217;entr\u00e9e d&#8217;air ABB VTR 400. D\u00b4ocassion<\/p>\n<p>Comprend 4 capuchons de refroidissement ABB VTR 400 et 2 capuchons de chambre \u00e0 huile ABB VTR 400.<\/p>\n<p>Mod\u00e8le : VTR 400<\/p>\n","protected":false},"excerpt":{"rendered":"<p>Bo\u00eetier d&#8217;entr\u00e9e d&#8217;air ABB VTR 400. D\u00b4ocassion Comprend 4 capuchons de refroidissement ABB VTR 400 et 2 capuchons de chambre \u00e0 huile ABB VTR 400. Mod\u00e8le : VTR 400<\/p>\n","protected":false},"featured_media":8739,"template":"","meta":[],"product_cat":[6273,7013],"product_tag":[],"modelo":[],"acf":[],"lang":"fr","translations":{"fr":8738,"es":5697,"en":8733},"pll_sync_post":[],"_links":{"self":[{"href":"https:\/\/coterena.es\/shop\/wp-json\/wp\/v2\/product\/8738"}],"collection":[{"href":"https:\/\/coterena.es\/shop\/wp-json\/wp\/v2\/product"}],"about":[{"href":"https:\/\/coterena.es\/shop\/wp-json\/wp\/v2\/types\/product"}],"wp:featuredmedia":[{"embeddable":true,"href":"https:\/\/coterena.es\/shop\/wp-json\/wp\/v2\/media\/8739"}],"wp:attachment":[{"href":"https:\/\/coterena.es\/shop\/wp-json\/wp\/v2\/media?parent=8738"}],"wp:term":[{"taxonomy":"product_cat","embeddable":true,"href":"https:\/\/coterena.es\/shop\/wp-json\/wp\/v2\/product_cat?post=8738"},{"taxonomy":"product_tag","embeddable":true,"href":"https:\/\/coterena.es\/shop\/wp-json\/wp\/v2\/product_tag?post=8738"},{"taxonomy":"modelo","embeddable":true,"href":"https:\/\/coterena.es\/shop\/wp-json\/wp\/v2\/modelo?post=8738"}],"curies":[{"name":"wp","href":"https:\/\/api.w.org\/{rel}","templated":true}]}}