{"id":8750,"date":"2022-05-06T08:38:36","date_gmt":"2022-05-06T08:38:36","guid":{"rendered":"https:\/\/coterena.es\/shop\/?post_type=product&#038;p=5687"},"modified":"2023-04-12T07:46:17","modified_gmt":"2023-04-12T07:46:17","slug":"refroidisseur-dair-ramon-vizcaino","status":"publish","type":"product","link":"https:\/\/coterena.es\/shop\/refroidisseur-dair-ramon-vizcaino\/","title":{"rendered":"Refroidisseur d\u00b4air Ram\u00f3n Vizca\u00edno"},"content":{"rendered":"<p>Refroidisseur d&#8217;air RAM\u00d3N VIZCA\u00cdNO . Reconditionn\u00e9.<\/p>\n<p>Compatible avec le moteur DEUTZ 350 b\u00e2bord et tribord.<\/p>\n<p>Surface de refroidissement : 92m2<\/p>\n<p>Comprend : Tr\u00e9mies et joints pour les tr\u00e9mies.<\/p>\n<p>R\u00e9f\u00e9rence. Tr\u00e9mies :<\/p>\n<p>02917015<\/p>\n<p>02917018<\/p>\n","protected":false},"excerpt":{"rendered":"<p>Refroidisseur d&#8217;air RAM\u00d3N VIZCA\u00cdNO . Reconditionn\u00e9. Compatible avec le moteur DEUTZ 350 b\u00e2bord et tribord. Surface de refroidissement : 92m2 Comprend : Tr\u00e9mies et joints pour les tr\u00e9mies. R\u00e9f\u00e9rence. Tr\u00e9mies : 02917015 02917018<\/p>\n","protected":false},"featured_media":8751,"template":"","meta":[],"product_cat":[6273,6983],"product_tag":[],"modelo":[],"acf":[],"lang":"fr","translations":{"fr":8750,"es":5687,"en":8745},"pll_sync_post":[],"_links":{"self":[{"href":"https:\/\/coterena.es\/shop\/wp-json\/wp\/v2\/product\/8750"}],"collection":[{"href":"https:\/\/coterena.es\/shop\/wp-json\/wp\/v2\/product"}],"about":[{"href":"https:\/\/coterena.es\/shop\/wp-json\/wp\/v2\/types\/product"}],"wp:featuredmedia":[{"embeddable":true,"href":"https:\/\/coterena.es\/shop\/wp-json\/wp\/v2\/media\/8751"}],"wp:attachment":[{"href":"https:\/\/coterena.es\/shop\/wp-json\/wp\/v2\/media?parent=8750"}],"wp:term":[{"taxonomy":"product_cat","embeddable":true,"href":"https:\/\/coterena.es\/shop\/wp-json\/wp\/v2\/product_cat?post=8750"},{"taxonomy":"product_tag","embeddable":true,"href":"https:\/\/coterena.es\/shop\/wp-json\/wp\/v2\/product_tag?post=8750"},{"taxonomy":"modelo","embeddable":true,"href":"https:\/\/coterena.es\/shop\/wp-json\/wp\/v2\/modelo?post=8750"}],"curies":[{"name":"wp","href":"https:\/\/api.w.org\/{rel}","templated":true}]}}