{"id":8796,"date":"2022-05-05T10:54:44","date_gmt":"2022-05-05T10:54:44","guid":{"rendered":"https:\/\/coterena.es\/shop\/?post_type=product&#038;p=5649"},"modified":"2023-05-03T06:09:52","modified_gmt":"2023-05-03T06:09:52","slug":"turbo-vtr-160m-pour-deutz-528-moteur","status":"publish","type":"product","link":"https:\/\/coterena.es\/shop\/turbo-vtr-160m-pour-deutz-528-moteur\/","title":{"rendered":"Turbo VTR 160M pour Deutz 528 moteur"},"content":{"rendered":"<p>Turbo VTR 160M. Occasion<\/p>\n<p>Compatible avec les moteurs Deutz 528<\/p>\n<p>Mod\u00e8le : VTR 160<\/p>\n<p>Num\u00e9ro de pi\u00e8ce : A0043046<\/p>\n","protected":false},"excerpt":{"rendered":"<p>Turbo VTR 160M. Occasion Compatible avec les moteurs Deutz 528 Mod\u00e8le : VTR 160 Num\u00e9ro de pi\u00e8ce : A0043046<\/p>\n","protected":false},"featured_media":16214,"template":"","meta":[],"product_cat":[6273,7013],"product_tag":[],"modelo":[],"acf":[],"lang":"fr","translations":{"fr":8796,"es":5649,"en":8791},"pll_sync_post":[],"_links":{"self":[{"href":"https:\/\/coterena.es\/shop\/wp-json\/wp\/v2\/product\/8796"}],"collection":[{"href":"https:\/\/coterena.es\/shop\/wp-json\/wp\/v2\/product"}],"about":[{"href":"https:\/\/coterena.es\/shop\/wp-json\/wp\/v2\/types\/product"}],"wp:featuredmedia":[{"embeddable":true,"href":"https:\/\/coterena.es\/shop\/wp-json\/wp\/v2\/media\/16214"}],"wp:attachment":[{"href":"https:\/\/coterena.es\/shop\/wp-json\/wp\/v2\/media?parent=8796"}],"wp:term":[{"taxonomy":"product_cat","embeddable":true,"href":"https:\/\/coterena.es\/shop\/wp-json\/wp\/v2\/product_cat?post=8796"},{"taxonomy":"product_tag","embeddable":true,"href":"https:\/\/coterena.es\/shop\/wp-json\/wp\/v2\/product_tag?post=8796"},{"taxonomy":"modelo","embeddable":true,"href":"https:\/\/coterena.es\/shop\/wp-json\/wp\/v2\/modelo?post=8796"}],"curies":[{"name":"wp","href":"https:\/\/api.w.org\/{rel}","templated":true}]}}