{"id":8806,"date":"2022-05-05T10:44:08","date_gmt":"2022-05-05T10:44:08","guid":{"rendered":"https:\/\/coterena.es\/shop\/?post_type=product&#038;p=5643"},"modified":"2023-04-11T08:07:29","modified_gmt":"2023-04-11T08:07:29","slug":"pompe-dinjection-pour-deutz-528","status":"publish","type":"product","link":"https:\/\/coterena.es\/shop\/pompe-dinjection-pour-deutz-528\/","title":{"rendered":"Pompe d&#8217;injection pour DEUTZ 528"},"content":{"rendered":"<p>Pompe d\u00b4injection Deutz 528. D\u00b4occasion<\/p>\n<p>Num\u00e9ro de r\u00e9f\u00e9rence : 2127662<\/p>\n","protected":false},"excerpt":{"rendered":"<p>Pompe d\u00b4injection Deutz 528. D\u00b4occasion Num\u00e9ro de r\u00e9f\u00e9rence : 2127662<\/p>\n","protected":false},"featured_media":8807,"template":"","meta":[],"product_cat":[6959,6273],"product_tag":[],"modelo":[],"acf":[],"lang":"fr","translations":{"fr":8806,"es":5643,"en":8801},"pll_sync_post":[],"_links":{"self":[{"href":"https:\/\/coterena.es\/shop\/wp-json\/wp\/v2\/product\/8806"}],"collection":[{"href":"https:\/\/coterena.es\/shop\/wp-json\/wp\/v2\/product"}],"about":[{"href":"https:\/\/coterena.es\/shop\/wp-json\/wp\/v2\/types\/product"}],"wp:featuredmedia":[{"embeddable":true,"href":"https:\/\/coterena.es\/shop\/wp-json\/wp\/v2\/media\/8807"}],"wp:attachment":[{"href":"https:\/\/coterena.es\/shop\/wp-json\/wp\/v2\/media?parent=8806"}],"wp:term":[{"taxonomy":"product_cat","embeddable":true,"href":"https:\/\/coterena.es\/shop\/wp-json\/wp\/v2\/product_cat?post=8806"},{"taxonomy":"product_tag","embeddable":true,"href":"https:\/\/coterena.es\/shop\/wp-json\/wp\/v2\/product_tag?post=8806"},{"taxonomy":"modelo","embeddable":true,"href":"https:\/\/coterena.es\/shop\/wp-json\/wp\/v2\/modelo?post=8806"}],"curies":[{"name":"wp","href":"https:\/\/api.w.org\/{rel}","templated":true}]}}