{"id":8833,"date":"2022-05-09T11:14:09","date_gmt":"2022-05-09T11:14:09","guid":{"rendered":"https:\/\/coterena.es\/shop\/?post_type=product&#038;p=5723"},"modified":"2023-09-21T07:31:37","modified_gmt":"2023-09-21T07:31:37","slug":"corps-de-soupape-dechappement-deutz-350","status":"publish","type":"product","link":"https:\/\/coterena.es\/shop\/corps-de-soupape-dechappement-deutz-350\/","title":{"rendered":"Corps de soupape d&#8217;\u00e9chappement Deutz 350"},"content":{"rendered":"<p>Corps de soupape d&#8217;\u00e9chappement Deutz 350. Ancien mod\u00e8le \u00d835. Reconditionn\u00e9<\/p>\n<p>Mod\u00e8le : 350<\/p>\n<p>Num\u00e9ro de pi\u00e8ce : 3468902<\/p>\n","protected":false},"excerpt":{"rendered":"<p>Corps de soupape d&#8217;\u00e9chappement Deutz 350. Ancien mod\u00e8le \u00d835. Reconditionn\u00e9 Mod\u00e8le : 350 Num\u00e9ro de pi\u00e8ce : 3468902<\/p>\n","protected":false},"featured_media":8834,"template":"","meta":[],"product_cat":[6273,6281,6981],"product_tag":[],"modelo":[],"acf":[],"lang":"fr","translations":{"fr":8833,"es":5723,"en":8828},"pll_sync_post":[],"_links":{"self":[{"href":"https:\/\/coterena.es\/shop\/wp-json\/wp\/v2\/product\/8833"}],"collection":[{"href":"https:\/\/coterena.es\/shop\/wp-json\/wp\/v2\/product"}],"about":[{"href":"https:\/\/coterena.es\/shop\/wp-json\/wp\/v2\/types\/product"}],"wp:featuredmedia":[{"embeddable":true,"href":"https:\/\/coterena.es\/shop\/wp-json\/wp\/v2\/media\/8834"}],"wp:attachment":[{"href":"https:\/\/coterena.es\/shop\/wp-json\/wp\/v2\/media?parent=8833"}],"wp:term":[{"taxonomy":"product_cat","embeddable":true,"href":"https:\/\/coterena.es\/shop\/wp-json\/wp\/v2\/product_cat?post=8833"},{"taxonomy":"product_tag","embeddable":true,"href":"https:\/\/coterena.es\/shop\/wp-json\/wp\/v2\/product_tag?post=8833"},{"taxonomy":"modelo","embeddable":true,"href":"https:\/\/coterena.es\/shop\/wp-json\/wp\/v2\/modelo?post=8833"}],"curies":[{"name":"wp","href":"https:\/\/api.w.org\/{rel}","templated":true}]}}