{"id":8843,"date":"2022-05-09T10:56:52","date_gmt":"2022-05-09T10:56:52","guid":{"rendered":"https:\/\/coterena.es\/shop\/?post_type=product&#038;p=5715"},"modified":"2023-04-14T06:27:11","modified_gmt":"2023-04-14T06:27:11","slug":"soupape-de-demarrage-du-moteur-deutz-350","status":"publish","type":"product","link":"https:\/\/coterena.es\/shop\/soupape-de-demarrage-du-moteur-deutz-350\/","title":{"rendered":"Soupape de d\u00e9marrage du moteur Deutz 350"},"content":{"rendered":"<p>Soupape de d\u00e9marrage DEUTZ 350. Reconditionn\u00e9<\/p>\n<p>Num\u00e9ro de pi\u00e8ce: 3319021<\/p>\n","protected":false},"excerpt":{"rendered":"<p>Soupape de d\u00e9marrage DEUTZ 350. Reconditionn\u00e9 Num\u00e9ro de pi\u00e8ce: 3319021<\/p>\n","protected":false},"featured_media":8844,"template":"","meta":[],"product_cat":[6273,6981],"product_tag":[],"modelo":[],"acf":[],"lang":"fr","translations":{"fr":8843,"es":5715,"en":8838},"pll_sync_post":[],"_links":{"self":[{"href":"https:\/\/coterena.es\/shop\/wp-json\/wp\/v2\/product\/8843"}],"collection":[{"href":"https:\/\/coterena.es\/shop\/wp-json\/wp\/v2\/product"}],"about":[{"href":"https:\/\/coterena.es\/shop\/wp-json\/wp\/v2\/types\/product"}],"wp:featuredmedia":[{"embeddable":true,"href":"https:\/\/coterena.es\/shop\/wp-json\/wp\/v2\/media\/8844"}],"wp:attachment":[{"href":"https:\/\/coterena.es\/shop\/wp-json\/wp\/v2\/media?parent=8843"}],"wp:term":[{"taxonomy":"product_cat","embeddable":true,"href":"https:\/\/coterena.es\/shop\/wp-json\/wp\/v2\/product_cat?post=8843"},{"taxonomy":"product_tag","embeddable":true,"href":"https:\/\/coterena.es\/shop\/wp-json\/wp\/v2\/product_tag?post=8843"},{"taxonomy":"modelo","embeddable":true,"href":"https:\/\/coterena.es\/shop\/wp-json\/wp\/v2\/modelo?post=8843"}],"curies":[{"name":"wp","href":"https:\/\/api.w.org\/{rel}","templated":true}]}}