{"id":8869,"date":"2022-05-06T10:57:54","date_gmt":"2022-05-06T10:57:54","guid":{"rendered":"https:\/\/coterena.es\/shop\/?post_type=product&#038;p=5702"},"modified":"2023-09-22T07:41:02","modified_gmt":"2023-09-22T07:41:02","slug":"boitier-de-sortie-des-gaz-vtr-400-abb","status":"publish","type":"product","link":"https:\/\/coterena.es\/shop\/boitier-de-sortie-des-gaz-vtr-400-abb\/","title":{"rendered":"Bo\u00eetier de sortie des gaz VTR 354 ABB"},"content":{"rendered":"<p>Bo\u00eetier de sortie des gaz de combustion VTR 354 ABB. Reconditionn\u00e9<\/p>\n","protected":false},"excerpt":{"rendered":"<p>Bo\u00eetier de sortie des gaz de combustion VTR 354 ABB. Reconditionn\u00e9<\/p>\n","protected":false},"featured_media":8870,"template":"","meta":[],"product_cat":[6273,7013],"product_tag":[],"modelo":[],"acf":[],"lang":"fr","translations":{"fr":8869,"es":5702,"en":8864},"pll_sync_post":[],"_links":{"self":[{"href":"https:\/\/coterena.es\/shop\/wp-json\/wp\/v2\/product\/8869"}],"collection":[{"href":"https:\/\/coterena.es\/shop\/wp-json\/wp\/v2\/product"}],"about":[{"href":"https:\/\/coterena.es\/shop\/wp-json\/wp\/v2\/types\/product"}],"wp:featuredmedia":[{"embeddable":true,"href":"https:\/\/coterena.es\/shop\/wp-json\/wp\/v2\/media\/8870"}],"wp:attachment":[{"href":"https:\/\/coterena.es\/shop\/wp-json\/wp\/v2\/media?parent=8869"}],"wp:term":[{"taxonomy":"product_cat","embeddable":true,"href":"https:\/\/coterena.es\/shop\/wp-json\/wp\/v2\/product_cat?post=8869"},{"taxonomy":"product_tag","embeddable":true,"href":"https:\/\/coterena.es\/shop\/wp-json\/wp\/v2\/product_tag?post=8869"},{"taxonomy":"modelo","embeddable":true,"href":"https:\/\/coterena.es\/shop\/wp-json\/wp\/v2\/modelo?post=8869"}],"curies":[{"name":"wp","href":"https:\/\/api.w.org\/{rel}","templated":true}]}}