{"id":8973,"date":"2022-08-02T07:50:06","date_gmt":"2022-08-02T07:50:06","guid":{"rendered":"https:\/\/coterena.es\/shop\/?post_type=product&#038;p=8973"},"modified":"2023-04-11T11:58:42","modified_gmt":"2023-04-11T11:58:42","slug":"pinon-de-distribucion-deutz-528-reacondicionado","status":"publish","type":"product","link":"https:\/\/coterena.es\/shop\/pinon-de-distribucion-deutz-528-reacondicionado\/","title":{"rendered":"Pi\u00f1\u00f3n Distribuci\u00f3n Deutz 528 (Pos. 11)"},"content":{"rendered":"<p>Pi\u00f1\u00f3n de distribuci\u00f3n DEUTZ 528.<\/p>\n<p>Modelo: 528<\/p>\n<p>Referencia: 02067045<\/p>\n<p>Posici\u00f3n 11<\/p>\n","protected":false},"excerpt":{"rendered":"<p>Pi\u00f1\u00f3n de distribuci\u00f3n DEUTZ 528. Modelo: 528 Referencia: 02067045 Posici\u00f3n 11<\/p>\n","protected":false},"featured_media":8974,"template":"","meta":[],"product_cat":[75],"product_tag":[],"modelo":[],"acf":[],"lang":"es","translations":{"es":8973,"en":9609,"fr":9610},"pll_sync_post":[],"_links":{"self":[{"href":"https:\/\/coterena.es\/shop\/wp-json\/wp\/v2\/product\/8973"}],"collection":[{"href":"https:\/\/coterena.es\/shop\/wp-json\/wp\/v2\/product"}],"about":[{"href":"https:\/\/coterena.es\/shop\/wp-json\/wp\/v2\/types\/product"}],"wp:featuredmedia":[{"embeddable":true,"href":"https:\/\/coterena.es\/shop\/wp-json\/wp\/v2\/media\/8974"}],"wp:attachment":[{"href":"https:\/\/coterena.es\/shop\/wp-json\/wp\/v2\/media?parent=8973"}],"wp:term":[{"taxonomy":"product_cat","embeddable":true,"href":"https:\/\/coterena.es\/shop\/wp-json\/wp\/v2\/product_cat?post=8973"},{"taxonomy":"product_tag","embeddable":true,"href":"https:\/\/coterena.es\/shop\/wp-json\/wp\/v2\/product_tag?post=8973"},{"taxonomy":"modelo","embeddable":true,"href":"https:\/\/coterena.es\/shop\/wp-json\/wp\/v2\/modelo?post=8973"}],"curies":[{"name":"wp","href":"https:\/\/api.w.org\/{rel}","templated":true}]}}