{"id":8980,"date":"2022-08-02T07:57:01","date_gmt":"2022-08-02T07:57:01","guid":{"rendered":"https:\/\/coterena.es\/shop\/?post_type=product&#038;p=8980"},"modified":"2023-04-11T11:58:37","modified_gmt":"2023-04-11T11:58:37","slug":"pinon-distribucion-deutz-528-reacondicionado","status":"publish","type":"product","link":"https:\/\/coterena.es\/shop\/pinon-distribucion-deutz-528-reacondicionado\/","title":{"rendered":"Pi\u00f1on Distribuci\u00f3n Deutz 528 (Pos. 2-3)"},"content":{"rendered":"<p>Pi\u00f1\u00f3n distribuci\u00f3n\u00a0 DEUTZ 528. Reacondicionado.<\/p>\n<p>Modelo: 528<\/p>\n<p>Referencia: 04062233<\/p>\n<p>Posici\u00f3n 2 y 3<\/p>\n","protected":false},"excerpt":{"rendered":"<p>Pi\u00f1\u00f3n distribuci\u00f3n\u00a0 DEUTZ 528. Reacondicionado. Modelo: 528 Referencia: 04062233 Posici\u00f3n 2 y 3<\/p>\n","protected":false},"featured_media":8981,"template":"","meta":[],"product_cat":[75],"product_tag":[],"modelo":[],"acf":[],"lang":"es","translations":{"es":8980,"en":9607,"fr":9608},"pll_sync_post":[],"_links":{"self":[{"href":"https:\/\/coterena.es\/shop\/wp-json\/wp\/v2\/product\/8980"}],"collection":[{"href":"https:\/\/coterena.es\/shop\/wp-json\/wp\/v2\/product"}],"about":[{"href":"https:\/\/coterena.es\/shop\/wp-json\/wp\/v2\/types\/product"}],"wp:featuredmedia":[{"embeddable":true,"href":"https:\/\/coterena.es\/shop\/wp-json\/wp\/v2\/media\/8981"}],"wp:attachment":[{"href":"https:\/\/coterena.es\/shop\/wp-json\/wp\/v2\/media?parent=8980"}],"wp:term":[{"taxonomy":"product_cat","embeddable":true,"href":"https:\/\/coterena.es\/shop\/wp-json\/wp\/v2\/product_cat?post=8980"},{"taxonomy":"product_tag","embeddable":true,"href":"https:\/\/coterena.es\/shop\/wp-json\/wp\/v2\/product_tag?post=8980"},{"taxonomy":"modelo","embeddable":true,"href":"https:\/\/coterena.es\/shop\/wp-json\/wp\/v2\/modelo?post=8980"}],"curies":[{"name":"wp","href":"https:\/\/api.w.org\/{rel}","templated":true}]}}