{"id":9002,"date":"2022-08-02T08:12:14","date_gmt":"2022-08-02T08:12:14","guid":{"rendered":"https:\/\/coterena.es\/shop\/?post_type=product&#038;p=9002"},"modified":"2023-04-11T11:38:16","modified_gmt":"2023-04-11T11:38:16","slug":"ciguenal-caterpillar-9y-5381-usado","status":"publish","type":"product","link":"https:\/\/coterena.es\/shop\/ciguenal-caterpillar-9y-5381-usado\/","title":{"rendered":"Cig\u00fce\u00f1al Caterpillar 9Y-5381"},"content":{"rendered":"<p>Cig\u00fce\u00f1al CATERPILLAR\u00a0 9Y-5381. Reacondicionado. Compatible con motores Caterpillar 3412<\/p>\n<p>Referencia: 9Y-5381<\/p>\n","protected":false},"excerpt":{"rendered":"<p>Cig\u00fce\u00f1al CATERPILLAR\u00a0 9Y-5381. Reacondicionado. Compatible con motores Caterpillar 3412 Referencia: 9Y-5381<\/p>\n","protected":false},"featured_media":9003,"template":"","meta":[],"product_cat":[6050,34],"product_tag":[],"modelo":[],"acf":[],"lang":"es","translations":{"es":9002,"en":9593,"fr":9594},"pll_sync_post":[],"_links":{"self":[{"href":"https:\/\/coterena.es\/shop\/wp-json\/wp\/v2\/product\/9002"}],"collection":[{"href":"https:\/\/coterena.es\/shop\/wp-json\/wp\/v2\/product"}],"about":[{"href":"https:\/\/coterena.es\/shop\/wp-json\/wp\/v2\/types\/product"}],"wp:featuredmedia":[{"embeddable":true,"href":"https:\/\/coterena.es\/shop\/wp-json\/wp\/v2\/media\/9003"}],"wp:attachment":[{"href":"https:\/\/coterena.es\/shop\/wp-json\/wp\/v2\/media?parent=9002"}],"wp:term":[{"taxonomy":"product_cat","embeddable":true,"href":"https:\/\/coterena.es\/shop\/wp-json\/wp\/v2\/product_cat?post=9002"},{"taxonomy":"product_tag","embeddable":true,"href":"https:\/\/coterena.es\/shop\/wp-json\/wp\/v2\/product_tag?post=9002"},{"taxonomy":"modelo","embeddable":true,"href":"https:\/\/coterena.es\/shop\/wp-json\/wp\/v2\/modelo?post=9002"}],"curies":[{"name":"wp","href":"https:\/\/api.w.org\/{rel}","templated":true}]}}