{"id":9268,"date":"2022-05-12T05:41:44","date_gmt":"2022-05-12T05:41:44","guid":{"rendered":"https:\/\/coterena.es\/shop\/?post_type=product&#038;p=5825"},"modified":"2023-04-13T06:37:23","modified_gmt":"2023-04-13T06:37:23","slug":"starter-electrique-caterpillar","status":"publish","type":"product","link":"https:\/\/coterena.es\/shop\/starter-electrique-caterpillar\/","title":{"rendered":"Starter \u00e9lectrique Caterpillar 207-1556"},"content":{"rendered":"<p>Starter \u00e9lectrique CATERPILLAR 207-1556. Reconditionn\u00e9.<\/p>\n<p>Compatible avec les moteurs Caterpillar 3300 et 3400.<\/p>\n<p>Num\u00e9ro de pi\u00e8ce ; 207-1556<\/p>\n","protected":false},"excerpt":{"rendered":"<p>Starter \u00e9lectrique CATERPILLAR 207-1556. Reconditionn\u00e9. Compatible avec les moteurs Caterpillar 3300 et 3400. Num\u00e9ro de pi\u00e8ce ; 207-1556<\/p>\n","protected":false},"featured_media":9269,"template":"","meta":[],"product_cat":[6973,6273],"product_tag":[],"modelo":[],"acf":[],"lang":"fr","translations":{"fr":9268,"es":5825,"en":9263},"pll_sync_post":[],"_links":{"self":[{"href":"https:\/\/coterena.es\/shop\/wp-json\/wp\/v2\/product\/9268"}],"collection":[{"href":"https:\/\/coterena.es\/shop\/wp-json\/wp\/v2\/product"}],"about":[{"href":"https:\/\/coterena.es\/shop\/wp-json\/wp\/v2\/types\/product"}],"wp:featuredmedia":[{"embeddable":true,"href":"https:\/\/coterena.es\/shop\/wp-json\/wp\/v2\/media\/9269"}],"wp:attachment":[{"href":"https:\/\/coterena.es\/shop\/wp-json\/wp\/v2\/media?parent=9268"}],"wp:term":[{"taxonomy":"product_cat","embeddable":true,"href":"https:\/\/coterena.es\/shop\/wp-json\/wp\/v2\/product_cat?post=9268"},{"taxonomy":"product_tag","embeddable":true,"href":"https:\/\/coterena.es\/shop\/wp-json\/wp\/v2\/product_tag?post=9268"},{"taxonomy":"modelo","embeddable":true,"href":"https:\/\/coterena.es\/shop\/wp-json\/wp\/v2\/modelo?post=9268"}],"curies":[{"name":"wp","href":"https:\/\/api.w.org\/{rel}","templated":true}]}}