{"id":9279,"date":"2022-05-10T07:16:26","date_gmt":"2022-05-10T07:16:26","guid":{"rendered":"https:\/\/coterena.es\/shop\/?post_type=product&#038;p=5756"},"modified":"2023-04-11T11:19:59","modified_gmt":"2023-04-11T11:19:59","slug":"revetement-pour-moteur-wartsila-nohab-polar-f38a","status":"publish","type":"product","link":"https:\/\/coterena.es\/shop\/revetement-pour-moteur-wartsila-nohab-polar-f38a\/","title":{"rendered":"Rev\u00eatement pour moteur W\u00e4rtsila Nohab Polar F38A"},"content":{"rendered":"<p>Rev\u00eatement pour W\u00e4rtsila Nohab Polar F38A No. 3278. nouveau<\/p>\n<p>Mod\u00e8le : Nohab Polar F38<\/p>\n<p>Num\u00e9ro de pi\u00e8ce: 9110526001<\/p>\n","protected":false},"excerpt":{"rendered":"<p>Rev\u00eatement pour W\u00e4rtsila Nohab Polar F38A No. 3278. nouveau Mod\u00e8le : Nohab Polar F38 Num\u00e9ro de pi\u00e8ce: 9110526001<\/p>\n","protected":false},"featured_media":9280,"template":"","meta":[],"product_cat":[6945,6951,6273],"product_tag":[],"modelo":[],"acf":[],"lang":"fr","translations":{"fr":9279,"es":5756,"en":9275},"pll_sync_post":[],"_links":{"self":[{"href":"https:\/\/coterena.es\/shop\/wp-json\/wp\/v2\/product\/9279"}],"collection":[{"href":"https:\/\/coterena.es\/shop\/wp-json\/wp\/v2\/product"}],"about":[{"href":"https:\/\/coterena.es\/shop\/wp-json\/wp\/v2\/types\/product"}],"wp:featuredmedia":[{"embeddable":true,"href":"https:\/\/coterena.es\/shop\/wp-json\/wp\/v2\/media\/9280"}],"wp:attachment":[{"href":"https:\/\/coterena.es\/shop\/wp-json\/wp\/v2\/media?parent=9279"}],"wp:term":[{"taxonomy":"product_cat","embeddable":true,"href":"https:\/\/coterena.es\/shop\/wp-json\/wp\/v2\/product_cat?post=9279"},{"taxonomy":"product_tag","embeddable":true,"href":"https:\/\/coterena.es\/shop\/wp-json\/wp\/v2\/product_tag?post=9279"},{"taxonomy":"modelo","embeddable":true,"href":"https:\/\/coterena.es\/shop\/wp-json\/wp\/v2\/modelo?post=9279"}],"curies":[{"name":"wp","href":"https:\/\/api.w.org\/{rel}","templated":true}]}}