{"id":9405,"date":"2022-08-02T10:48:24","date_gmt":"2022-08-02T10:48:24","guid":{"rendered":"https:\/\/coterena.es\/shop\/?post_type=product&#038;p=9100"},"modified":"2023-04-12T07:56:57","modified_gmt":"2023-04-12T07:56:57","slug":"filtre-a-huile-baldwin-bt364","status":"publish","type":"product","link":"https:\/\/coterena.es\/shop\/filtre-a-huile-baldwin-bt364\/","title":{"rendered":"Filtre \u00e0 huile Baldwin BT364"},"content":{"rendered":"<p>Filtre \u00e0 huile BALDWIN BT364. Nouveau<\/p>\n<p>Num\u00e9ro de pi\u00e8ce : BT364<\/p>\n","protected":false},"excerpt":{"rendered":"<p>Filtre \u00e0 huile BALDWIN BT364. Nouveau Num\u00e9ro de pi\u00e8ce : BT364<\/p>\n","protected":false},"featured_media":9103,"template":"","meta":[],"product_cat":[6273,6281],"product_tag":[],"modelo":[],"acf":[],"lang":"fr","translations":{"fr":9405,"es":9100,"en":9404},"pll_sync_post":[],"_links":{"self":[{"href":"https:\/\/coterena.es\/shop\/wp-json\/wp\/v2\/product\/9405"}],"collection":[{"href":"https:\/\/coterena.es\/shop\/wp-json\/wp\/v2\/product"}],"about":[{"href":"https:\/\/coterena.es\/shop\/wp-json\/wp\/v2\/types\/product"}],"wp:featuredmedia":[{"embeddable":true,"href":"https:\/\/coterena.es\/shop\/wp-json\/wp\/v2\/media\/9103"}],"wp:attachment":[{"href":"https:\/\/coterena.es\/shop\/wp-json\/wp\/v2\/media?parent=9405"}],"wp:term":[{"taxonomy":"product_cat","embeddable":true,"href":"https:\/\/coterena.es\/shop\/wp-json\/wp\/v2\/product_cat?post=9405"},{"taxonomy":"product_tag","embeddable":true,"href":"https:\/\/coterena.es\/shop\/wp-json\/wp\/v2\/product_tag?post=9405"},{"taxonomy":"modelo","embeddable":true,"href":"https:\/\/coterena.es\/shop\/wp-json\/wp\/v2\/modelo?post=9405"}],"curies":[{"name":"wp","href":"https:\/\/api.w.org\/{rel}","templated":true}]}}