{"id":9411,"date":"2022-08-02T10:40:44","date_gmt":"2022-08-02T10:40:44","guid":{"rendered":"https:\/\/coterena.es\/shop\/?post_type=product&#038;p=9088"},"modified":"2023-04-12T07:55:30","modified_gmt":"2023-04-12T07:55:30","slug":"filtre-a-huile-baldwin-b7600","status":"publish","type":"product","link":"https:\/\/coterena.es\/shop\/filtre-a-huile-baldwin-b7600\/","title":{"rendered":"Filtre \u00e0 huile Baldwin B7600"},"content":{"rendered":"<p>Filtre \u00e0 huile Baldwin B7600. Nouveau<\/p>\n<p>Num\u00e9ro de pi\u00e8ce. : B7600<\/p>\n","protected":false},"excerpt":{"rendered":"<p>Filtre \u00e0 huile Baldwin B7600. Nouveau Num\u00e9ro de pi\u00e8ce. : B7600<\/p>\n","protected":false},"featured_media":9091,"template":"","meta":[],"product_cat":[6273,6281],"product_tag":[],"modelo":[],"acf":[],"lang":"fr","translations":{"fr":9411,"es":9088,"en":9410},"pll_sync_post":[],"_links":{"self":[{"href":"https:\/\/coterena.es\/shop\/wp-json\/wp\/v2\/product\/9411"}],"collection":[{"href":"https:\/\/coterena.es\/shop\/wp-json\/wp\/v2\/product"}],"about":[{"href":"https:\/\/coterena.es\/shop\/wp-json\/wp\/v2\/types\/product"}],"wp:featuredmedia":[{"embeddable":true,"href":"https:\/\/coterena.es\/shop\/wp-json\/wp\/v2\/media\/9091"}],"wp:attachment":[{"href":"https:\/\/coterena.es\/shop\/wp-json\/wp\/v2\/media?parent=9411"}],"wp:term":[{"taxonomy":"product_cat","embeddable":true,"href":"https:\/\/coterena.es\/shop\/wp-json\/wp\/v2\/product_cat?post=9411"},{"taxonomy":"product_tag","embeddable":true,"href":"https:\/\/coterena.es\/shop\/wp-json\/wp\/v2\/product_tag?post=9411"},{"taxonomy":"modelo","embeddable":true,"href":"https:\/\/coterena.es\/shop\/wp-json\/wp\/v2\/modelo?post=9411"}],"curies":[{"name":"wp","href":"https:\/\/api.w.org\/{rel}","templated":true}]}}