{"id":9415,"date":"2022-08-02T10:25:51","date_gmt":"2022-08-02T10:25:51","guid":{"rendered":"https:\/\/coterena.es\/shop\/?post_type=product&#038;p=9074"},"modified":"2023-04-12T11:48:55","modified_gmt":"2023-04-12T11:48:55","slug":"filtre-a-carburant-sofima-s0201n","status":"publish","type":"product","link":"https:\/\/coterena.es\/shop\/filtre-a-carburant-sofima-s0201n\/","title":{"rendered":"Filtre \u00e0 carburant Sofima S0201N"},"content":{"rendered":"<p>Filtre \u00e0 carburant SOFIMA S0201N. Nouveau<\/p>\n<p>Num\u00e9ro de pi\u00e8ce : S0201N<\/p>\n","protected":false},"excerpt":{"rendered":"<p>Filtre \u00e0 carburant SOFIMA S0201N. Nouveau Num\u00e9ro de pi\u00e8ce : S0201N<\/p>\n","protected":false},"featured_media":9077,"template":"","meta":[],"product_cat":[6273,6281],"product_tag":[],"modelo":[],"acf":[],"lang":"fr","translations":{"fr":9415,"es":9074,"en":9414},"pll_sync_post":[],"_links":{"self":[{"href":"https:\/\/coterena.es\/shop\/wp-json\/wp\/v2\/product\/9415"}],"collection":[{"href":"https:\/\/coterena.es\/shop\/wp-json\/wp\/v2\/product"}],"about":[{"href":"https:\/\/coterena.es\/shop\/wp-json\/wp\/v2\/types\/product"}],"wp:featuredmedia":[{"embeddable":true,"href":"https:\/\/coterena.es\/shop\/wp-json\/wp\/v2\/media\/9077"}],"wp:attachment":[{"href":"https:\/\/coterena.es\/shop\/wp-json\/wp\/v2\/media?parent=9415"}],"wp:term":[{"taxonomy":"product_cat","embeddable":true,"href":"https:\/\/coterena.es\/shop\/wp-json\/wp\/v2\/product_cat?post=9415"},{"taxonomy":"product_tag","embeddable":true,"href":"https:\/\/coterena.es\/shop\/wp-json\/wp\/v2\/product_tag?post=9415"},{"taxonomy":"modelo","embeddable":true,"href":"https:\/\/coterena.es\/shop\/wp-json\/wp\/v2\/modelo?post=9415"}],"curies":[{"name":"wp","href":"https:\/\/api.w.org\/{rel}","templated":true}]}}