{"id":9417,"date":"2022-08-02T10:22:47","date_gmt":"2022-08-02T10:22:47","guid":{"rendered":"https:\/\/coterena.es\/shop\/?post_type=product&#038;p=9070"},"modified":"2023-04-12T11:27:14","modified_gmt":"2023-04-12T11:27:14","slug":"filtre-a-carburant-fram-c11861pl","status":"publish","type":"product","link":"https:\/\/coterena.es\/shop\/filtre-a-carburant-fram-c11861pl\/","title":{"rendered":"Filtre \u00e0 carburant Fram C11861PL"},"content":{"rendered":"<p>Filtre \u00e0 carburant FRAM C11861PL. Nouveau<\/p>\n<p>Num\u00e9ro de pi\u00e8ce : C11861PL<\/p>\n","protected":false},"excerpt":{"rendered":"<p>Filtre \u00e0 carburant FRAM C11861PL. Nouveau Num\u00e9ro de pi\u00e8ce : C11861PL<\/p>\n","protected":false},"featured_media":9073,"template":"","meta":[],"product_cat":[6273,6281],"product_tag":[],"modelo":[],"acf":[],"lang":"fr","translations":{"fr":9417,"es":9070,"en":9416},"pll_sync_post":[],"_links":{"self":[{"href":"https:\/\/coterena.es\/shop\/wp-json\/wp\/v2\/product\/9417"}],"collection":[{"href":"https:\/\/coterena.es\/shop\/wp-json\/wp\/v2\/product"}],"about":[{"href":"https:\/\/coterena.es\/shop\/wp-json\/wp\/v2\/types\/product"}],"wp:featuredmedia":[{"embeddable":true,"href":"https:\/\/coterena.es\/shop\/wp-json\/wp\/v2\/media\/9073"}],"wp:attachment":[{"href":"https:\/\/coterena.es\/shop\/wp-json\/wp\/v2\/media?parent=9417"}],"wp:term":[{"taxonomy":"product_cat","embeddable":true,"href":"https:\/\/coterena.es\/shop\/wp-json\/wp\/v2\/product_cat?post=9417"},{"taxonomy":"product_tag","embeddable":true,"href":"https:\/\/coterena.es\/shop\/wp-json\/wp\/v2\/product_tag?post=9417"},{"taxonomy":"modelo","embeddable":true,"href":"https:\/\/coterena.es\/shop\/wp-json\/wp\/v2\/modelo?post=9417"}],"curies":[{"name":"wp","href":"https:\/\/api.w.org\/{rel}","templated":true}]}}