{"id":9423,"date":"2022-08-02T09:33:08","date_gmt":"2022-08-02T09:33:08","guid":{"rendered":"https:\/\/coterena.es\/shop\/?post_type=product&#038;p=9056"},"modified":"2023-04-12T09:40:45","modified_gmt":"2023-04-12T09:40:45","slug":"filtre-a-huile-hengst-h97w05","status":"publish","type":"product","link":"https:\/\/coterena.es\/shop\/filtre-a-huile-hengst-h97w05\/","title":{"rendered":"Filtre \u00e0 huile Hengst H97W05"},"content":{"rendered":"<p>Filtre \u00e0 huile HENGST H97W05. Nouveau<\/p>\n<p>Num\u00e9ro de pi\u00e8ce : H97W05<\/p>\n","protected":false},"excerpt":{"rendered":"<p>Filtre \u00e0 huile HENGST H97W05. Nouveau Num\u00e9ro de pi\u00e8ce : H97W05<\/p>\n","protected":false},"featured_media":9059,"template":"","meta":[],"product_cat":[6273,6281],"product_tag":[],"modelo":[],"acf":[],"lang":"fr","translations":{"fr":9423,"es":9056,"en":9422},"pll_sync_post":[],"_links":{"self":[{"href":"https:\/\/coterena.es\/shop\/wp-json\/wp\/v2\/product\/9423"}],"collection":[{"href":"https:\/\/coterena.es\/shop\/wp-json\/wp\/v2\/product"}],"about":[{"href":"https:\/\/coterena.es\/shop\/wp-json\/wp\/v2\/types\/product"}],"wp:featuredmedia":[{"embeddable":true,"href":"https:\/\/coterena.es\/shop\/wp-json\/wp\/v2\/media\/9059"}],"wp:attachment":[{"href":"https:\/\/coterena.es\/shop\/wp-json\/wp\/v2\/media?parent=9423"}],"wp:term":[{"taxonomy":"product_cat","embeddable":true,"href":"https:\/\/coterena.es\/shop\/wp-json\/wp\/v2\/product_cat?post=9423"},{"taxonomy":"product_tag","embeddable":true,"href":"https:\/\/coterena.es\/shop\/wp-json\/wp\/v2\/product_tag?post=9423"},{"taxonomy":"modelo","embeddable":true,"href":"https:\/\/coterena.es\/shop\/wp-json\/wp\/v2\/modelo?post=9423"}],"curies":[{"name":"wp","href":"https:\/\/api.w.org\/{rel}","templated":true}]}}