{"id":9425,"date":"2022-08-02T09:26:27","date_gmt":"2022-08-02T09:26:27","guid":{"rendered":"https:\/\/coterena.es\/shop\/?post_type=product&#038;p=9052"},"modified":"2023-04-12T09:52:32","modified_gmt":"2023-04-12T09:52:32","slug":"filtre-a-huile-volvo-4785974","status":"publish","type":"product","link":"https:\/\/coterena.es\/shop\/filtre-a-huile-volvo-4785974\/","title":{"rendered":"Filtre \u00e0 huile Volvo 4785974"},"content":{"rendered":"<p>Filtre \u00e0 huile VOLVO 4785974. Nouveau<\/p>\n<p>Num\u00e9ro de pi\u00e8ce : 4785974<\/p>\n","protected":false},"excerpt":{"rendered":"<p>Filtre \u00e0 huile VOLVO 4785974. Nouveau Num\u00e9ro de pi\u00e8ce : 4785974<\/p>\n","protected":false},"featured_media":9055,"template":"","meta":[],"product_cat":[6273,6281],"product_tag":[],"modelo":[],"acf":[],"lang":"fr","translations":{"fr":9425,"es":9052,"en":9424},"pll_sync_post":[],"_links":{"self":[{"href":"https:\/\/coterena.es\/shop\/wp-json\/wp\/v2\/product\/9425"}],"collection":[{"href":"https:\/\/coterena.es\/shop\/wp-json\/wp\/v2\/product"}],"about":[{"href":"https:\/\/coterena.es\/shop\/wp-json\/wp\/v2\/types\/product"}],"wp:featuredmedia":[{"embeddable":true,"href":"https:\/\/coterena.es\/shop\/wp-json\/wp\/v2\/media\/9055"}],"wp:attachment":[{"href":"https:\/\/coterena.es\/shop\/wp-json\/wp\/v2\/media?parent=9425"}],"wp:term":[{"taxonomy":"product_cat","embeddable":true,"href":"https:\/\/coterena.es\/shop\/wp-json\/wp\/v2\/product_cat?post=9425"},{"taxonomy":"product_tag","embeddable":true,"href":"https:\/\/coterena.es\/shop\/wp-json\/wp\/v2\/product_tag?post=9425"},{"taxonomy":"modelo","embeddable":true,"href":"https:\/\/coterena.es\/shop\/wp-json\/wp\/v2\/modelo?post=9425"}],"curies":[{"name":"wp","href":"https:\/\/api.w.org\/{rel}","templated":true}]}}