{"id":9427,"date":"2022-08-02T09:23:04","date_gmt":"2022-08-02T09:23:04","guid":{"rendered":"https:\/\/coterena.es\/shop\/?post_type=product&#038;p=9048"},"modified":"2023-04-12T09:42:40","modified_gmt":"2023-04-12T09:42:40","slug":"filtre-a-huile-hydraulique-donaldson-p171540","status":"publish","type":"product","link":"https:\/\/coterena.es\/shop\/filtre-a-huile-hydraulique-donaldson-p171540\/","title":{"rendered":"Filtre \u00e0 huile hydraulique Donaldson P171540"},"content":{"rendered":"<p>Filtre \u00e0 huile hydraulique DONALDSON P171540. Nouveau<\/p>\n<p>Num\u00e9ro de pi\u00e8ce : P171540<\/p>\n","protected":false},"excerpt":{"rendered":"<p>Filtre \u00e0 huile hydraulique DONALDSON P171540. Nouveau Num\u00e9ro de pi\u00e8ce : P171540<\/p>\n","protected":false},"featured_media":9051,"template":"","meta":[],"product_cat":[6273,6281],"product_tag":[],"modelo":[],"acf":[],"lang":"fr","translations":{"fr":9427,"es":9048,"en":9426},"pll_sync_post":[],"_links":{"self":[{"href":"https:\/\/coterena.es\/shop\/wp-json\/wp\/v2\/product\/9427"}],"collection":[{"href":"https:\/\/coterena.es\/shop\/wp-json\/wp\/v2\/product"}],"about":[{"href":"https:\/\/coterena.es\/shop\/wp-json\/wp\/v2\/types\/product"}],"wp:featuredmedia":[{"embeddable":true,"href":"https:\/\/coterena.es\/shop\/wp-json\/wp\/v2\/media\/9051"}],"wp:attachment":[{"href":"https:\/\/coterena.es\/shop\/wp-json\/wp\/v2\/media?parent=9427"}],"wp:term":[{"taxonomy":"product_cat","embeddable":true,"href":"https:\/\/coterena.es\/shop\/wp-json\/wp\/v2\/product_cat?post=9427"},{"taxonomy":"product_tag","embeddable":true,"href":"https:\/\/coterena.es\/shop\/wp-json\/wp\/v2\/product_tag?post=9427"},{"taxonomy":"modelo","embeddable":true,"href":"https:\/\/coterena.es\/shop\/wp-json\/wp\/v2\/modelo?post=9427"}],"curies":[{"name":"wp","href":"https:\/\/api.w.org\/{rel}","templated":true}]}}