{"id":9429,"date":"2022-08-02T09:15:43","date_gmt":"2022-08-02T09:15:43","guid":{"rendered":"https:\/\/coterena.es\/shop\/?post_type=product&#038;p=9044"},"modified":"2023-04-12T09:13:01","modified_gmt":"2023-04-12T09:13:01","slug":"filtre-a-huile-donaldson-p557500","status":"publish","type":"product","link":"https:\/\/coterena.es\/shop\/filtre-a-huile-donaldson-p557500\/","title":{"rendered":"Filtre \u00e0 huile Donaldson P557500"},"content":{"rendered":"<p>Filtre \u00e0 huile DONALDSON P557500. Nouveau<\/p>\n<p>Num\u00e9ro de la pi\u00e8ce : P557500<\/p>\n","protected":false},"excerpt":{"rendered":"<p>Filtre \u00e0 huile DONALDSON P557500. Nouveau Num\u00e9ro de la pi\u00e8ce : P557500<\/p>\n","protected":false},"featured_media":9047,"template":"","meta":[],"product_cat":[6273,6281],"product_tag":[],"modelo":[],"acf":[],"lang":"fr","translations":{"fr":9429,"es":9044,"en":9428},"pll_sync_post":[],"_links":{"self":[{"href":"https:\/\/coterena.es\/shop\/wp-json\/wp\/v2\/product\/9429"}],"collection":[{"href":"https:\/\/coterena.es\/shop\/wp-json\/wp\/v2\/product"}],"about":[{"href":"https:\/\/coterena.es\/shop\/wp-json\/wp\/v2\/types\/product"}],"wp:featuredmedia":[{"embeddable":true,"href":"https:\/\/coterena.es\/shop\/wp-json\/wp\/v2\/media\/9047"}],"wp:attachment":[{"href":"https:\/\/coterena.es\/shop\/wp-json\/wp\/v2\/media?parent=9429"}],"wp:term":[{"taxonomy":"product_cat","embeddable":true,"href":"https:\/\/coterena.es\/shop\/wp-json\/wp\/v2\/product_cat?post=9429"},{"taxonomy":"product_tag","embeddable":true,"href":"https:\/\/coterena.es\/shop\/wp-json\/wp\/v2\/product_tag?post=9429"},{"taxonomy":"modelo","embeddable":true,"href":"https:\/\/coterena.es\/shop\/wp-json\/wp\/v2\/modelo?post=9429"}],"curies":[{"name":"wp","href":"https:\/\/api.w.org\/{rel}","templated":true}]}}