{"id":9435,"date":"2022-08-02T09:03:29","date_gmt":"2022-08-02T09:03:29","guid":{"rendered":"https:\/\/coterena.es\/shop\/?post_type=product&#038;p=9032"},"modified":"2023-04-12T09:04:41","modified_gmt":"2023-04-12T09:04:41","slug":"filtre-a-huile-donaldson-p559850","status":"publish","type":"product","link":"https:\/\/coterena.es\/shop\/filtre-a-huile-donaldson-p559850\/","title":{"rendered":"Filtre \u00e0 huile Donaldson P559850"},"content":{"rendered":"<p>Filtre \u00e0 huile DONALDSON P559850. Nouveau<\/p>\n<p>Num\u00e9ro de la pi\u00e8ce: P559850<\/p>\n","protected":false},"excerpt":{"rendered":"<p>Filtre \u00e0 huile DONALDSON P559850. Nouveau Num\u00e9ro de la pi\u00e8ce: P559850<\/p>\n","protected":false},"featured_media":9035,"template":"","meta":[],"product_cat":[6273,6281],"product_tag":[],"modelo":[],"acf":[],"lang":"fr","translations":{"fr":9435,"es":9032,"en":9434},"pll_sync_post":[],"_links":{"self":[{"href":"https:\/\/coterena.es\/shop\/wp-json\/wp\/v2\/product\/9435"}],"collection":[{"href":"https:\/\/coterena.es\/shop\/wp-json\/wp\/v2\/product"}],"about":[{"href":"https:\/\/coterena.es\/shop\/wp-json\/wp\/v2\/types\/product"}],"wp:featuredmedia":[{"embeddable":true,"href":"https:\/\/coterena.es\/shop\/wp-json\/wp\/v2\/media\/9035"}],"wp:attachment":[{"href":"https:\/\/coterena.es\/shop\/wp-json\/wp\/v2\/media?parent=9435"}],"wp:term":[{"taxonomy":"product_cat","embeddable":true,"href":"https:\/\/coterena.es\/shop\/wp-json\/wp\/v2\/product_cat?post=9435"},{"taxonomy":"product_tag","embeddable":true,"href":"https:\/\/coterena.es\/shop\/wp-json\/wp\/v2\/product_tag?post=9435"},{"taxonomy":"modelo","embeddable":true,"href":"https:\/\/coterena.es\/shop\/wp-json\/wp\/v2\/modelo?post=9435"}],"curies":[{"name":"wp","href":"https:\/\/api.w.org\/{rel}","templated":true}]}}