{"id":9497,"date":"2022-08-02T10:53:09","date_gmt":"2022-08-02T10:53:09","guid":{"rendered":"https:\/\/coterena.es\/shop\/?post_type=product&#038;p=9108"},"modified":"2023-04-12T10:12:12","modified_gmt":"2023-04-12T10:12:12","slug":"filtre-a-carburant-baldwin-bf587","status":"publish","type":"product","link":"https:\/\/coterena.es\/shop\/filtre-a-carburant-baldwin-bf587\/","title":{"rendered":"Filtre \u00e0 carburant Baldwin BF587"},"content":{"rendered":"<p>Filtre \u00e0 carburant BALDWIN BF587. Nouveau<\/p>\n<p>Num\u00e9ro de pi\u00e8ce: BF58<\/p>\n","protected":false},"excerpt":{"rendered":"<p>Filtre \u00e0 carburant BALDWIN BF587. Nouveau Num\u00e9ro de pi\u00e8ce: BF58<\/p>\n","protected":false},"featured_media":9111,"template":"","meta":[],"product_cat":[6273,6281],"product_tag":[],"modelo":[],"acf":[],"lang":"fr","translations":{"fr":9497,"es":9108,"en":9496},"pll_sync_post":[],"_links":{"self":[{"href":"https:\/\/coterena.es\/shop\/wp-json\/wp\/v2\/product\/9497"}],"collection":[{"href":"https:\/\/coterena.es\/shop\/wp-json\/wp\/v2\/product"}],"about":[{"href":"https:\/\/coterena.es\/shop\/wp-json\/wp\/v2\/types\/product"}],"wp:featuredmedia":[{"embeddable":true,"href":"https:\/\/coterena.es\/shop\/wp-json\/wp\/v2\/media\/9111"}],"wp:attachment":[{"href":"https:\/\/coterena.es\/shop\/wp-json\/wp\/v2\/media?parent=9497"}],"wp:term":[{"taxonomy":"product_cat","embeddable":true,"href":"https:\/\/coterena.es\/shop\/wp-json\/wp\/v2\/product_cat?post=9497"},{"taxonomy":"product_tag","embeddable":true,"href":"https:\/\/coterena.es\/shop\/wp-json\/wp\/v2\/product_tag?post=9497"},{"taxonomy":"modelo","embeddable":true,"href":"https:\/\/coterena.es\/shop\/wp-json\/wp\/v2\/modelo?post=9497"}],"curies":[{"name":"wp","href":"https:\/\/api.w.org\/{rel}","templated":true}]}}