{"id":9525,"date":"2022-08-03T07:11:00","date_gmt":"2022-08-03T07:11:00","guid":{"rendered":"https:\/\/coterena.es\/shop\/?post_type=product&#038;p=9175"},"modified":"2023-04-10T09:54:57","modified_gmt":"2023-04-10T09:54:57","slug":"plaque-de-guidage-alfa-laval-m10-bk22","status":"publish","type":"product","link":"https:\/\/coterena.es\/shop\/plaque-de-guidage-alfa-laval-m10-bk22\/","title":{"rendered":"Plaque de guidage ALFA LAVAL M10 BK22"},"content":{"rendered":"<p>Plaque de refroidissement ALFA LAVAL M10 BK22-304-0,4 NBRB\/C. Nouveau<\/p>\n<p>Num\u00e9ro de pi\u00e8ce : 3950141303<\/p>\n<p>Mod\u00e8le : M10 BK22-304<\/p>\n","protected":false},"excerpt":{"rendered":"<p>Plaque de refroidissement ALFA LAVAL M10 BK22-304-0,4 NBRB\/C. Nouveau Num\u00e9ro de pi\u00e8ce : 3950141303 Mod\u00e8le : M10 BK22-304<\/p>\n","protected":false},"featured_media":9184,"template":"","meta":[],"product_cat":[6265],"product_tag":[],"modelo":[],"acf":[],"lang":"fr","translations":{"fr":9525,"es":9175,"en":9524},"pll_sync_post":[],"_links":{"self":[{"href":"https:\/\/coterena.es\/shop\/wp-json\/wp\/v2\/product\/9525"}],"collection":[{"href":"https:\/\/coterena.es\/shop\/wp-json\/wp\/v2\/product"}],"about":[{"href":"https:\/\/coterena.es\/shop\/wp-json\/wp\/v2\/types\/product"}],"wp:featuredmedia":[{"embeddable":true,"href":"https:\/\/coterena.es\/shop\/wp-json\/wp\/v2\/media\/9184"}],"wp:attachment":[{"href":"https:\/\/coterena.es\/shop\/wp-json\/wp\/v2\/media?parent=9525"}],"wp:term":[{"taxonomy":"product_cat","embeddable":true,"href":"https:\/\/coterena.es\/shop\/wp-json\/wp\/v2\/product_cat?post=9525"},{"taxonomy":"product_tag","embeddable":true,"href":"https:\/\/coterena.es\/shop\/wp-json\/wp\/v2\/product_tag?post=9525"},{"taxonomy":"modelo","embeddable":true,"href":"https:\/\/coterena.es\/shop\/wp-json\/wp\/v2\/modelo?post=9525"}],"curies":[{"name":"wp","href":"https:\/\/api.w.org\/{rel}","templated":true}]}}