{"id":9527,"date":"2022-08-03T07:14:06","date_gmt":"2022-08-03T07:14:06","guid":{"rendered":"https:\/\/coterena.es\/shop\/?post_type=product&#038;p=9188"},"modified":"2023-04-10T10:06:28","modified_gmt":"2023-04-10T10:06:28","slug":"placa-de-guidage-alfa-laval-m10-bk1-304","status":"publish","type":"product","link":"https:\/\/coterena.es\/shop\/placa-de-guidage-alfa-laval-m10-bk1-304\/","title":{"rendered":"Placa de guidage ALFA LAVAL M10 BK1-304"},"content":{"rendered":"<p>Placa de guidage pour le refroisisseur ALFA LAVAL M10 BK1-304-0,4 NBRB\/C. Nouveau<\/p>\n<p>N\u00fam\u00e9ro de r\u00e9f\u00e9rence. : 3950141203<\/p>\n<p>Mod\u00e8le : M10 BK1-304<\/p>\n","protected":false},"excerpt":{"rendered":"<p>Placa de guidage pour le refroisisseur ALFA LAVAL M10 BK1-304-0,4 NBRB\/C. Nouveau N\u00fam\u00e9ro de r\u00e9f\u00e9rence. : 3950141203 Mod\u00e8le : M10 BK1-304<\/p>\n","protected":false},"featured_media":9194,"template":"","meta":[],"product_cat":[6265],"product_tag":[],"modelo":[],"acf":[],"lang":"fr","translations":{"fr":9527,"es":9188,"en":9526},"pll_sync_post":[],"_links":{"self":[{"href":"https:\/\/coterena.es\/shop\/wp-json\/wp\/v2\/product\/9527"}],"collection":[{"href":"https:\/\/coterena.es\/shop\/wp-json\/wp\/v2\/product"}],"about":[{"href":"https:\/\/coterena.es\/shop\/wp-json\/wp\/v2\/types\/product"}],"wp:featuredmedia":[{"embeddable":true,"href":"https:\/\/coterena.es\/shop\/wp-json\/wp\/v2\/media\/9194"}],"wp:attachment":[{"href":"https:\/\/coterena.es\/shop\/wp-json\/wp\/v2\/media?parent=9527"}],"wp:term":[{"taxonomy":"product_cat","embeddable":true,"href":"https:\/\/coterena.es\/shop\/wp-json\/wp\/v2\/product_cat?post=9527"},{"taxonomy":"product_tag","embeddable":true,"href":"https:\/\/coterena.es\/shop\/wp-json\/wp\/v2\/product_tag?post=9527"},{"taxonomy":"modelo","embeddable":true,"href":"https:\/\/coterena.es\/shop\/wp-json\/wp\/v2\/modelo?post=9527"}],"curies":[{"name":"wp","href":"https:\/\/api.w.org\/{rel}","templated":true}]}}