{"id":9533,"date":"2022-08-04T05:39:46","date_gmt":"2022-08-04T05:39:46","guid":{"rendered":"https:\/\/coterena.es\/shop\/?post_type=product&#038;p=9292"},"modified":"2023-04-12T09:33:26","modified_gmt":"2023-04-12T09:33:26","slug":"filtre-a-huile-fram-ch5153","status":"publish","type":"product","link":"https:\/\/coterena.es\/shop\/filtre-a-huile-fram-ch5153\/","title":{"rendered":"Filtre \u00e0 huile Fram\u00a0CH5153"},"content":{"rendered":"<p>Filtre \u00e0 huile FRAM CH5153. Nouveau<\/p>\n<p>Num\u00e9ro de pi\u00e8ce : CH5153<\/p>\n","protected":false},"excerpt":{"rendered":"<p>Filtre \u00e0 huile FRAM CH5153. Nouveau Num\u00e9ro de pi\u00e8ce : CH5153<\/p>\n","protected":false},"featured_media":9295,"template":"","meta":[],"product_cat":[6273,6281],"product_tag":[],"modelo":[],"acf":[],"lang":"fr","translations":{"fr":9533,"es":9292,"en":9532},"pll_sync_post":[],"_links":{"self":[{"href":"https:\/\/coterena.es\/shop\/wp-json\/wp\/v2\/product\/9533"}],"collection":[{"href":"https:\/\/coterena.es\/shop\/wp-json\/wp\/v2\/product"}],"about":[{"href":"https:\/\/coterena.es\/shop\/wp-json\/wp\/v2\/types\/product"}],"wp:featuredmedia":[{"embeddable":true,"href":"https:\/\/coterena.es\/shop\/wp-json\/wp\/v2\/media\/9295"}],"wp:attachment":[{"href":"https:\/\/coterena.es\/shop\/wp-json\/wp\/v2\/media?parent=9533"}],"wp:term":[{"taxonomy":"product_cat","embeddable":true,"href":"https:\/\/coterena.es\/shop\/wp-json\/wp\/v2\/product_cat?post=9533"},{"taxonomy":"product_tag","embeddable":true,"href":"https:\/\/coterena.es\/shop\/wp-json\/wp\/v2\/product_tag?post=9533"},{"taxonomy":"modelo","embeddable":true,"href":"https:\/\/coterena.es\/shop\/wp-json\/wp\/v2\/modelo?post=9533"}],"curies":[{"name":"wp","href":"https:\/\/api.w.org\/{rel}","templated":true}]}}