{"id":9542,"date":"2022-08-04T11:59:57","date_gmt":"2022-08-04T11:59:57","guid":{"rendered":"https:\/\/coterena.es\/shop\/?post_type=product&#038;p=9484"},"modified":"2023-04-11T05:44:08","modified_gmt":"2023-04-11T05:44:08","slug":"bloc-moteur-deutz-350","status":"publish","type":"product","link":"https:\/\/coterena.es\/shop\/bloc-moteur-deutz-350\/","title":{"rendered":"Bloc-moteur DEUTZ 350"},"content":{"rendered":"<p>Bloc moteur DEUTZ 350. D\u00b4ocassion<\/p>\n<p>Bloc moteur Deutz mod\u00e8le 350.<\/p>\n<p>Il est vendu d&#8217;occasion et comprend le plateau, le vilebrequin et le bloc-cylindres.<\/p>\n<p>R\u00e9f\u00e9rence du bloc : 03356420<\/p>\n<p>R\u00e9f\u00e9rence bloc moteur : 02018455<\/p>\n<p>R\u00e9f\u00e9rence du bloc cylindre : 02020780<\/p>\n","protected":false},"excerpt":{"rendered":"<p>Bloc moteur DEUTZ 350. D\u00b4ocassion Bloc moteur Deutz mod\u00e8le 350. Il est vendu d&#8217;occasion et comprend le plateau, le vilebrequin et le bloc-cylindres. R\u00e9f\u00e9rence du bloc : 03356420 R\u00e9f\u00e9rence bloc moteur : 02018455 R\u00e9f\u00e9rence du bloc cylindre : 02020780<\/p>\n","protected":false},"featured_media":9488,"template":"","meta":[],"product_cat":[6945,6273],"product_tag":[],"modelo":[],"acf":[],"lang":"fr","translations":{"fr":9542,"es":9484,"en":9541},"pll_sync_post":[],"_links":{"self":[{"href":"https:\/\/coterena.es\/shop\/wp-json\/wp\/v2\/product\/9542"}],"collection":[{"href":"https:\/\/coterena.es\/shop\/wp-json\/wp\/v2\/product"}],"about":[{"href":"https:\/\/coterena.es\/shop\/wp-json\/wp\/v2\/types\/product"}],"wp:featuredmedia":[{"embeddable":true,"href":"https:\/\/coterena.es\/shop\/wp-json\/wp\/v2\/media\/9488"}],"wp:attachment":[{"href":"https:\/\/coterena.es\/shop\/wp-json\/wp\/v2\/media?parent=9542"}],"wp:term":[{"taxonomy":"product_cat","embeddable":true,"href":"https:\/\/coterena.es\/shop\/wp-json\/wp\/v2\/product_cat?post=9542"},{"taxonomy":"product_tag","embeddable":true,"href":"https:\/\/coterena.es\/shop\/wp-json\/wp\/v2\/product_tag?post=9542"},{"taxonomy":"modelo","embeddable":true,"href":"https:\/\/coterena.es\/shop\/wp-json\/wp\/v2\/modelo?post=9542"}],"curies":[{"name":"wp","href":"https:\/\/api.w.org\/{rel}","templated":true}]}}