{"id":9569,"date":"2022-08-04T10:05:40","date_gmt":"2022-08-04T10:05:40","guid":{"rendered":"https:\/\/coterena.es\/shop\/?post_type=product&#038;p=9458"},"modified":"2023-04-10T11:03:33","modified_gmt":"2023-04-10T11:03:33","slug":"plaque-de-vitesse-refroidisseur-alfa-laval-m10-mfm","status":"publish","type":"product","link":"https:\/\/coterena.es\/shop\/plaque-de-vitesse-refroidisseur-alfa-laval-m10-mfm\/","title":{"rendered":"Plaque de vitesse refroidisseur ALFA LAVAL M10 MFM AISI 316 0,5MM"},"content":{"rendered":"<p>Plaque de vitesse refroidisseur ALFA LAVAL M10 MFM AISI 316 0,5mm. D\u00b4ocassion<\/p>\n<p>Mod\u00e8le : M10 MFM AISI<\/p>\n<p>Num\u00e9ro de pi\u00e8ce : 3672174003<\/p>\n","protected":false},"excerpt":{"rendered":"<p>Plaque de vitesse refroidisseur ALFA LAVAL M10 MFM AISI 316 0,5mm. D\u00b4ocassion Mod\u00e8le : M10 MFM AISI Num\u00e9ro de pi\u00e8ce : 3672174003<\/p>\n","protected":false},"featured_media":9461,"template":"","meta":[],"product_cat":[6265],"product_tag":[],"modelo":[],"acf":[],"lang":"fr","translations":{"fr":9569,"es":9458,"en":9568},"pll_sync_post":[],"_links":{"self":[{"href":"https:\/\/coterena.es\/shop\/wp-json\/wp\/v2\/product\/9569"}],"collection":[{"href":"https:\/\/coterena.es\/shop\/wp-json\/wp\/v2\/product"}],"about":[{"href":"https:\/\/coterena.es\/shop\/wp-json\/wp\/v2\/types\/product"}],"wp:featuredmedia":[{"embeddable":true,"href":"https:\/\/coterena.es\/shop\/wp-json\/wp\/v2\/media\/9461"}],"wp:attachment":[{"href":"https:\/\/coterena.es\/shop\/wp-json\/wp\/v2\/media?parent=9569"}],"wp:term":[{"taxonomy":"product_cat","embeddable":true,"href":"https:\/\/coterena.es\/shop\/wp-json\/wp\/v2\/product_cat?post=9569"},{"taxonomy":"product_tag","embeddable":true,"href":"https:\/\/coterena.es\/shop\/wp-json\/wp\/v2\/product_tag?post=9569"},{"taxonomy":"modelo","embeddable":true,"href":"https:\/\/coterena.es\/shop\/wp-json\/wp\/v2\/modelo?post=9569"}],"curies":[{"name":"wp","href":"https:\/\/api.w.org\/{rel}","templated":true}]}}