{"id":9577,"date":"2022-08-04T07:29:13","date_gmt":"2022-08-04T07:29:13","guid":{"rendered":"https:\/\/coterena.es\/shop\/?post_type=product&#038;p=9363"},"modified":"2023-03-15T07:20:52","modified_gmt":"2023-03-15T07:20:52","slug":"chassis-principal-du-separateur-alfa-laval-mopx-205","status":"publish","type":"product","link":"https:\/\/coterena.es\/shop\/chassis-principal-du-separateur-alfa-laval-mopx-205\/","title":{"rendered":"Ch\u00e2ssis principal du s\u00e9parateur ALFA LAVAL MOPX 205"},"content":{"rendered":"<p>Ch\u00e2ssis principal du s\u00e9parateur ALFA LAVAL MOPX 205 TGT\u00a0 24<\/p>\n","protected":false},"excerpt":{"rendered":"<p>Ch\u00e2ssis principal du s\u00e9parateur ALFA LAVAL MOPX 205 TGT\u00a0 24<\/p>\n","protected":false},"featured_media":9379,"template":"","meta":[],"product_cat":[6899,6257],"product_tag":[],"modelo":[],"acf":[],"lang":"fr","translations":{"fr":9577,"es":9363,"en":9576},"pll_sync_post":[],"_links":{"self":[{"href":"https:\/\/coterena.es\/shop\/wp-json\/wp\/v2\/product\/9577"}],"collection":[{"href":"https:\/\/coterena.es\/shop\/wp-json\/wp\/v2\/product"}],"about":[{"href":"https:\/\/coterena.es\/shop\/wp-json\/wp\/v2\/types\/product"}],"wp:featuredmedia":[{"embeddable":true,"href":"https:\/\/coterena.es\/shop\/wp-json\/wp\/v2\/media\/9379"}],"wp:attachment":[{"href":"https:\/\/coterena.es\/shop\/wp-json\/wp\/v2\/media?parent=9577"}],"wp:term":[{"taxonomy":"product_cat","embeddable":true,"href":"https:\/\/coterena.es\/shop\/wp-json\/wp\/v2\/product_cat?post=9577"},{"taxonomy":"product_tag","embeddable":true,"href":"https:\/\/coterena.es\/shop\/wp-json\/wp\/v2\/product_tag?post=9577"},{"taxonomy":"modelo","embeddable":true,"href":"https:\/\/coterena.es\/shop\/wp-json\/wp\/v2\/modelo?post=9577"}],"curies":[{"name":"wp","href":"https:\/\/api.w.org\/{rel}","templated":true}]}}